{"id":2360,"date":"2021-11-27T18:59:10","date_gmt":"2021-11-27T17:59:10","guid":{"rendered":"https:\/\/paulinechovet.fr\/?post_type=product&#038;p=2360"},"modified":"2021-12-08T18:45:21","modified_gmt":"2021-12-08T17:45:21","slug":"2360","status":"publish","type":"product","link":"https:\/\/paulinechovet.fr\/?product=2360","title":{"rendered":"Fen\u00eatres color\u00e9es \u00ab\u00a0Bleu orage\u00a0\u00bb"},"content":{"rendered":"<p><img loading=\"lazy\" decoding=\"async\" class=\"alignnone size-medium wp-image-2361\" src=\"http:\/\/paulinechovet.fr\/wp-content\/uploads\/2021\/11\/IMG_0354NikEL-300x300.jpg\" alt=\"\" width=\"300\" height=\"300\" srcset=\"https:\/\/paulinechovet.fr\/wp-content\/uploads\/2021\/11\/IMG_0354NikEL-300x300.jpg 300w, https:\/\/paulinechovet.fr\/wp-content\/uploads\/2021\/11\/IMG_0354NikEL-1024x1024.jpg 1024w, https:\/\/paulinechovet.fr\/wp-content\/uploads\/2021\/11\/IMG_0354NikEL-150x150.jpg 150w, https:\/\/paulinechovet.fr\/wp-content\/uploads\/2021\/11\/IMG_0354NikEL-768x768.jpg 768w, https:\/\/paulinechovet.fr\/wp-content\/uploads\/2021\/11\/IMG_0354NikEL-1536x1536.jpg 1536w, https:\/\/paulinechovet.fr\/wp-content\/uploads\/2021\/11\/IMG_0354NikEL-2048x2048.jpg 2048w, https:\/\/paulinechovet.fr\/wp-content\/uploads\/2021\/11\/IMG_0354NikEL-600x600.jpg 600w, https:\/\/paulinechovet.fr\/wp-content\/uploads\/2021\/11\/IMG_0354NikEL-100x100.jpg 100w\" sizes=\"auto, (max-width: 300px) 100vw, 300px\" \/><\/p>\n","protected":false},"excerpt":{"rendered":"<p><strong>Photographie \u00ab\u00a0???\u00a0\u00bb<\/strong><\/p>\n<p>Impression sur Alu Dibond<\/p>\n<p><em>Option pour les formats 40X40cm et 60X60cm avec un encadrement en caisse am\u00e9ricaine. <\/em><\/p>\n","protected":false},"featured_media":2361,"comment_status":"open","ping_status":"closed","template":"","meta":{"kt_blocks_editor_width":""},"product_brand":[],"product_cat":[39],"product_tag":[20,36,31],"class_list":{"0":"post-2360","1":"product","2":"type-product","3":"status-publish","4":"has-post-thumbnail","6":"product_cat-fenetres","7":"product_tag-architecture","8":"product_tag-bleu","9":"product_tag-fenetre","11":"first","12":"instock","13":"shipping-taxable","14":"purchasable","15":"product-type-variable"},"yoast_head":"<!-- This site is optimized with the Yoast SEO plugin v27.4 - https:\/\/yoast.com\/product\/yoast-seo-wordpress\/ -->\n<title>Fen\u00eatres color\u00e9es &quot;Bleu orage&quot; - Photographe architecture \u00e0 Lyon<\/title>\n<meta name=\"robots\" content=\"index, follow, max-snippet:-1, max-image-preview:large, max-video-preview:-1\" \/>\n<link rel=\"canonical\" href=\"https:\/\/paulinechovet.fr\/?product=2360\" \/>\n<meta property=\"og:locale\" content=\"fr_FR\" \/>\n<meta property=\"og:type\" content=\"article\" \/>\n<meta property=\"og:title\" content=\"Fen\u00eatres color\u00e9es &quot;Bleu orage&quot; - Photographe architecture \u00e0 Lyon\" \/>\n<meta property=\"og:description\" content=\"Photographie &quot;???&quot;  Impression sur Alu Dibond  Option pour les formats 40X40cm et 60X60cm avec un encadrement en caisse am\u00e9ricaine.\" \/>\n<meta property=\"og:url\" content=\"https:\/\/paulinechovet.fr\/?product=2360\" \/>\n<meta property=\"og:site_name\" content=\"Photographe architecture \u00e0 Lyon\" \/>\n<meta property=\"article:modified_time\" content=\"2021-12-08T17:45:21+00:00\" \/>\n<meta property=\"og:image\" content=\"https:\/\/paulinechovet.fr\/wp-content\/uploads\/2021\/11\/IMG_0354NikEL.jpg\" \/>\n\t<meta property=\"og:image:width\" content=\"2362\" \/>\n\t<meta property=\"og:image:height\" content=\"2362\" \/>\n\t<meta property=\"og:image:type\" content=\"image\/jpeg\" \/>\n<meta name=\"twitter:card\" content=\"summary_large_image\" \/>\n<meta name=\"twitter:label1\" content=\"Dur\u00e9e de lecture estim\u00e9e\" \/>\n\t<meta name=\"twitter:data1\" content=\"1 minute\" \/>\n<script type=\"application\/ld+json\" class=\"yoast-schema-graph\">{\"@context\":\"https:\\\/\\\/schema.org\",\"@graph\":[{\"@type\":\"WebPage\",\"@id\":\"https:\\\/\\\/paulinechovet.fr\\\/?product=2360\",\"url\":\"https:\\\/\\\/paulinechovet.fr\\\/?product=2360\",\"name\":\"Fen\u00eatres color\u00e9es \\\"Bleu orage\\\" - Photographe architecture \u00e0 Lyon\",\"isPartOf\":{\"@id\":\"https:\\\/\\\/paulinechovet.fr\\\/#website\"},\"primaryImageOfPage\":{\"@id\":\"https:\\\/\\\/paulinechovet.fr\\\/?product=2360#primaryimage\"},\"image\":{\"@id\":\"https:\\\/\\\/paulinechovet.fr\\\/?product=2360#primaryimage\"},\"thumbnailUrl\":\"https:\\\/\\\/paulinechovet.fr\\\/wp-content\\\/uploads\\\/2021\\\/11\\\/IMG_0354NikEL.jpg\",\"datePublished\":\"2021-11-27T17:59:10+00:00\",\"dateModified\":\"2021-12-08T17:45:21+00:00\",\"breadcrumb\":{\"@id\":\"https:\\\/\\\/paulinechovet.fr\\\/?product=2360#breadcrumb\"},\"inLanguage\":\"fr-FR\",\"potentialAction\":[{\"@type\":\"ReadAction\",\"target\":[\"https:\\\/\\\/paulinechovet.fr\\\/?product=2360\"]}]},{\"@type\":\"ImageObject\",\"inLanguage\":\"fr-FR\",\"@id\":\"https:\\\/\\\/paulinechovet.fr\\\/?product=2360#primaryimage\",\"url\":\"https:\\\/\\\/paulinechovet.fr\\\/wp-content\\\/uploads\\\/2021\\\/11\\\/IMG_0354NikEL.jpg\",\"contentUrl\":\"https:\\\/\\\/paulinechovet.fr\\\/wp-content\\\/uploads\\\/2021\\\/11\\\/IMG_0354NikEL.jpg\",\"width\":2362,\"height\":2362},{\"@type\":\"BreadcrumbList\",\"@id\":\"https:\\\/\\\/paulinechovet.fr\\\/?product=2360#breadcrumb\",\"itemListElement\":[{\"@type\":\"ListItem\",\"position\":1,\"name\":\"Accueil\",\"item\":\"https:\\\/\\\/paulinechovet.fr\\\/\"},{\"@type\":\"ListItem\",\"position\":2,\"name\":\"Boutique\",\"item\":\"https:\\\/\\\/paulinechovet.fr\\\/?page_id=2274\"},{\"@type\":\"ListItem\",\"position\":3,\"name\":\"Fen\u00eatres color\u00e9es \u00ab\u00a0Bleu orage\u00a0\u00bb\"}]},{\"@type\":\"WebSite\",\"@id\":\"https:\\\/\\\/paulinechovet.fr\\\/#website\",\"url\":\"https:\\\/\\\/paulinechovet.fr\\\/\",\"name\":\"Pauline Chovet Photographie\",\"description\":\"Photographe d&#039;architecture, de suivi de chantier et d&#039;urbanisme.\",\"publisher\":{\"@id\":\"https:\\\/\\\/paulinechovet.fr\\\/#\\\/schema\\\/person\\\/6a162bdd34747faeff134a4df4779769\"},\"potentialAction\":[{\"@type\":\"SearchAction\",\"target\":{\"@type\":\"EntryPoint\",\"urlTemplate\":\"https:\\\/\\\/paulinechovet.fr\\\/?s={search_term_string}\"},\"query-input\":{\"@type\":\"PropertyValueSpecification\",\"valueRequired\":true,\"valueName\":\"search_term_string\"}}],\"inLanguage\":\"fr-FR\"},{\"@type\":[\"Person\",\"Organization\"],\"@id\":\"https:\\\/\\\/paulinechovet.fr\\\/#\\\/schema\\\/person\\\/6a162bdd34747faeff134a4df4779769\",\"name\":\"Pauline Chovet\",\"image\":{\"@type\":\"ImageObject\",\"inLanguage\":\"fr-FR\",\"@id\":\"https:\\\/\\\/paulinechovet.fr\\\/wp-content\\\/uploads\\\/2026\\\/03\\\/LOGO-PARFAITbis.jpg\",\"url\":\"https:\\\/\\\/paulinechovet.fr\\\/wp-content\\\/uploads\\\/2026\\\/03\\\/LOGO-PARFAITbis.jpg\",\"contentUrl\":\"https:\\\/\\\/paulinechovet.fr\\\/wp-content\\\/uploads\\\/2026\\\/03\\\/LOGO-PARFAITbis.jpg\",\"width\":2111,\"height\":2111,\"caption\":\"Pauline Chovet\"},\"logo\":{\"@id\":\"https:\\\/\\\/paulinechovet.fr\\\/wp-content\\\/uploads\\\/2026\\\/03\\\/LOGO-PARFAITbis.jpg\"},\"sameAs\":[\"http:\\\/\\\/www.paulinechovet.fr\"]}]}<\/script>\n<!-- \/ Yoast SEO plugin. -->","yoast_head_json":{"title":"Fen\u00eatres color\u00e9es \"Bleu orage\" - Photographe architecture \u00e0 Lyon","robots":{"index":"index","follow":"follow","max-snippet":"max-snippet:-1","max-image-preview":"max-image-preview:large","max-video-preview":"max-video-preview:-1"},"canonical":"https:\/\/paulinechovet.fr\/?product=2360","og_locale":"fr_FR","og_type":"article","og_title":"Fen\u00eatres color\u00e9es \"Bleu orage\" - Photographe architecture \u00e0 Lyon","og_description":"Photographie \"???\"  Impression sur Alu Dibond  Option pour les formats 40X40cm et 60X60cm avec un encadrement en caisse am\u00e9ricaine.","og_url":"https:\/\/paulinechovet.fr\/?product=2360","og_site_name":"Photographe architecture \u00e0 Lyon","article_modified_time":"2021-12-08T17:45:21+00:00","og_image":[{"width":2362,"height":2362,"url":"https:\/\/paulinechovet.fr\/wp-content\/uploads\/2021\/11\/IMG_0354NikEL.jpg","type":"image\/jpeg"}],"twitter_card":"summary_large_image","twitter_misc":{"Dur\u00e9e de lecture estim\u00e9e":"1 minute"},"schema":{"@context":"https:\/\/schema.org","@graph":[{"@type":"WebPage","@id":"https:\/\/paulinechovet.fr\/?product=2360","url":"https:\/\/paulinechovet.fr\/?product=2360","name":"Fen\u00eatres color\u00e9es \"Bleu orage\" - Photographe architecture \u00e0 Lyon","isPartOf":{"@id":"https:\/\/paulinechovet.fr\/#website"},"primaryImageOfPage":{"@id":"https:\/\/paulinechovet.fr\/?product=2360#primaryimage"},"image":{"@id":"https:\/\/paulinechovet.fr\/?product=2360#primaryimage"},"thumbnailUrl":"https:\/\/paulinechovet.fr\/wp-content\/uploads\/2021\/11\/IMG_0354NikEL.jpg","datePublished":"2021-11-27T17:59:10+00:00","dateModified":"2021-12-08T17:45:21+00:00","breadcrumb":{"@id":"https:\/\/paulinechovet.fr\/?product=2360#breadcrumb"},"inLanguage":"fr-FR","potentialAction":[{"@type":"ReadAction","target":["https:\/\/paulinechovet.fr\/?product=2360"]}]},{"@type":"ImageObject","inLanguage":"fr-FR","@id":"https:\/\/paulinechovet.fr\/?product=2360#primaryimage","url":"https:\/\/paulinechovet.fr\/wp-content\/uploads\/2021\/11\/IMG_0354NikEL.jpg","contentUrl":"https:\/\/paulinechovet.fr\/wp-content\/uploads\/2021\/11\/IMG_0354NikEL.jpg","width":2362,"height":2362},{"@type":"BreadcrumbList","@id":"https:\/\/paulinechovet.fr\/?product=2360#breadcrumb","itemListElement":[{"@type":"ListItem","position":1,"name":"Accueil","item":"https:\/\/paulinechovet.fr\/"},{"@type":"ListItem","position":2,"name":"Boutique","item":"https:\/\/paulinechovet.fr\/?page_id=2274"},{"@type":"ListItem","position":3,"name":"Fen\u00eatres color\u00e9es \u00ab\u00a0Bleu orage\u00a0\u00bb"}]},{"@type":"WebSite","@id":"https:\/\/paulinechovet.fr\/#website","url":"https:\/\/paulinechovet.fr\/","name":"Pauline Chovet Photographie","description":"Photographe d&#039;architecture, de suivi de chantier et d&#039;urbanisme.","publisher":{"@id":"https:\/\/paulinechovet.fr\/#\/schema\/person\/6a162bdd34747faeff134a4df4779769"},"potentialAction":[{"@type":"SearchAction","target":{"@type":"EntryPoint","urlTemplate":"https:\/\/paulinechovet.fr\/?s={search_term_string}"},"query-input":{"@type":"PropertyValueSpecification","valueRequired":true,"valueName":"search_term_string"}}],"inLanguage":"fr-FR"},{"@type":["Person","Organization"],"@id":"https:\/\/paulinechovet.fr\/#\/schema\/person\/6a162bdd34747faeff134a4df4779769","name":"Pauline Chovet","image":{"@type":"ImageObject","inLanguage":"fr-FR","@id":"https:\/\/paulinechovet.fr\/wp-content\/uploads\/2026\/03\/LOGO-PARFAITbis.jpg","url":"https:\/\/paulinechovet.fr\/wp-content\/uploads\/2026\/03\/LOGO-PARFAITbis.jpg","contentUrl":"https:\/\/paulinechovet.fr\/wp-content\/uploads\/2026\/03\/LOGO-PARFAITbis.jpg","width":2111,"height":2111,"caption":"Pauline Chovet"},"logo":{"@id":"https:\/\/paulinechovet.fr\/wp-content\/uploads\/2026\/03\/LOGO-PARFAITbis.jpg"},"sameAs":["http:\/\/www.paulinechovet.fr"]}]}},"jetpack_sharing_enabled":true,"_links":{"self":[{"href":"https:\/\/paulinechovet.fr\/index.php?rest_route=\/wp\/v2\/product\/2360","targetHints":{"allow":["GET"]}}],"collection":[{"href":"https:\/\/paulinechovet.fr\/index.php?rest_route=\/wp\/v2\/product"}],"about":[{"href":"https:\/\/paulinechovet.fr\/index.php?rest_route=\/wp\/v2\/types\/product"}],"replies":[{"embeddable":true,"href":"https:\/\/paulinechovet.fr\/index.php?rest_route=%2Fwp%2Fv2%2Fcomments&post=2360"}],"wp:featuredmedia":[{"embeddable":true,"href":"https:\/\/paulinechovet.fr\/index.php?rest_route=\/wp\/v2\/media\/2361"}],"wp:attachment":[{"href":"https:\/\/paulinechovet.fr\/index.php?rest_route=%2Fwp%2Fv2%2Fmedia&parent=2360"}],"wp:term":[{"taxonomy":"product_brand","embeddable":true,"href":"https:\/\/paulinechovet.fr\/index.php?rest_route=%2Fwp%2Fv2%2Fproduct_brand&post=2360"},{"taxonomy":"product_cat","embeddable":true,"href":"https:\/\/paulinechovet.fr\/index.php?rest_route=%2Fwp%2Fv2%2Fproduct_cat&post=2360"},{"taxonomy":"product_tag","embeddable":true,"href":"https:\/\/paulinechovet.fr\/index.php?rest_route=%2Fwp%2Fv2%2Fproduct_tag&post=2360"}],"curies":[{"name":"wp","href":"https:\/\/api.w.org\/{rel}","templated":true}]}}