{"id":3177,"date":"2025-03-23T18:29:43","date_gmt":"2025-03-23T17:29:43","guid":{"rendered":"https:\/\/paulinechovet.fr\/?page_id=3177"},"modified":"2026-05-05T12:42:15","modified_gmt":"2026-05-05T10:42:15","slug":"prestations","status":"publish","type":"page","link":"https:\/\/paulinechovet.fr\/?page_id=3177","title":{"rendered":"PRESTATIONS"},"content":{"rendered":"\n<p class=\"has-medium-font-size\" style=\"text-decoration:underline;text-transform:uppercase\"><strong>Mes prestations photographiques : <\/strong><\/p>\n\n\n\n<div class=\"space_20 clearfix\"><\/div>\n\n\n\n<ul class=\"wp-block-list\">\n<li><strong>PHOTOGRAPHIES EN EXTERIEUR <\/strong>: Sublimer les ext\u00e9rieurs avec pr\u00e9cision.<\/li>\n<\/ul>\n\n\n\n<p class=\"has-small-font-size\"><em>Je photographie l\u2019architecture et l\u2019immobilier en ext\u00e9rieur, valorisant immeubles, maisons, bureaux et b\u00e2timents historiques. Gr\u00e2ce \u00e0 un objectif \u00e0 d\u00e9centrement, j\u2019assure des perspectives justes et des lignes fid\u00e8les. Les prises de vue peuvent aussi se faire \u00e0 l\u2019heure bleue pour magnifier l\u2019\u00e9clairage et l\u2019ambiance.<\/em><\/p>\n\n\n\n<figure class=\"wp-block-gallery has-nested-images columns-default is-cropped wp-block-gallery-1 is-layout-flex wp-block-gallery-is-layout-flex\">\n<figure class=\"wp-block-image size-large\"><img loading=\"lazy\" decoding=\"async\" width=\"1024\" height=\"357\" data-id=\"3178\" src=\"https:\/\/paulinechovet.fr\/wp-content\/uploads\/2025\/03\/EXT--1024x357.jpg\" alt=\"\" class=\"wp-image-3178\" srcset=\"https:\/\/paulinechovet.fr\/wp-content\/uploads\/2025\/03\/EXT--1024x357.jpg 1024w, https:\/\/paulinechovet.fr\/wp-content\/uploads\/2025\/03\/EXT--300x105.jpg 300w, https:\/\/paulinechovet.fr\/wp-content\/uploads\/2025\/03\/EXT--768x268.jpg 768w, https:\/\/paulinechovet.fr\/wp-content\/uploads\/2025\/03\/EXT--1536x535.jpg 1536w, https:\/\/paulinechovet.fr\/wp-content\/uploads\/2025\/03\/EXT--2048x714.jpg 2048w, https:\/\/paulinechovet.fr\/wp-content\/uploads\/2025\/03\/EXT--600x209.jpg 600w\" sizes=\"auto, (max-width: 1024px) 100vw, 1024px\" \/><\/figure>\n<\/figure>\n\n\n\n<div class=\"space_20 clearfix\"><\/div>\n\n\n\n<ul class=\"wp-block-list\">\n<li><strong>PHOTOGRAPHIES EN INTERIEUR <\/strong>: Valoriser les espaces avec justesse.<\/li>\n<\/ul>\n\n\n\n<p class=\"has-small-font-size\"><em>Je photographie l\u2019architecture et l\u2019immobilier en int\u00e9rieur, mettant en valeur logements, bureaux, h\u00f4tels, et commerces. Gr\u00e2ce \u00e0 un mat\u00e9riel adapt\u00e9, j\u2019assure des perspectives justes et une restitution fid\u00e8le des volumes et des lignes. Les prises de vue peuvent aussi \u00eatre r\u00e9alis\u00e9es en lumi\u00e8re naturelle ou artificielle pour sublimer l\u2019ambiance et les d\u00e9tails.<\/em><\/p>\n\n\n\n<figure class=\"wp-block-gallery has-nested-images columns-default is-cropped wp-block-gallery-2 is-layout-flex wp-block-gallery-is-layout-flex\">\n<figure class=\"wp-block-image size-large\"><img loading=\"lazy\" decoding=\"async\" width=\"1024\" height=\"357\" data-id=\"3185\" src=\"https:\/\/paulinechovet.fr\/wp-content\/uploads\/2025\/03\/INT--1024x357.jpg\" alt=\"\" class=\"wp-image-3185\" srcset=\"https:\/\/paulinechovet.fr\/wp-content\/uploads\/2025\/03\/INT--1024x357.jpg 1024w, https:\/\/paulinechovet.fr\/wp-content\/uploads\/2025\/03\/INT--300x105.jpg 300w, https:\/\/paulinechovet.fr\/wp-content\/uploads\/2025\/03\/INT--768x268.jpg 768w, https:\/\/paulinechovet.fr\/wp-content\/uploads\/2025\/03\/INT--1536x535.jpg 1536w, https:\/\/paulinechovet.fr\/wp-content\/uploads\/2025\/03\/INT--2048x714.jpg 2048w, https:\/\/paulinechovet.fr\/wp-content\/uploads\/2025\/03\/INT--600x209.jpg 600w\" sizes=\"auto, (max-width: 1024px) 100vw, 1024px\" \/><\/figure>\n<\/figure>\n\n\n\n<div class=\"space_20 clearfix\"><\/div>\n\n\n\n<ul class=\"wp-block-list\">\n<li><strong>SUIVI DE CHANTIER :<\/strong> Documenter l\u2019\u00e9volution et les avanc\u00e9es du projet.<\/li>\n<\/ul>\n\n\n\n<p class=\"has-small-font-size\"><em>Je r\u00e9alise des photographies de suivi de chantier, capturant l\u2019\u00e9volution des projets avec pr\u00e9cision. Gr\u00e2ce \u00e0 un mat\u00e9riel adapt\u00e9, chaque \u00e9tape est document\u00e9e fid\u00e8lement, offrant une vue claire des avanc\u00e9es.<\/em><\/p>\n\n\n\n<figure class=\"wp-block-gallery has-nested-images columns-default is-cropped wp-block-gallery-3 is-layout-flex wp-block-gallery-is-layout-flex\">\n<figure class=\"wp-block-image size-large is-style-default\"><img loading=\"lazy\" decoding=\"async\" width=\"1024\" height=\"357\" data-id=\"3212\" src=\"https:\/\/paulinechovet.fr\/wp-content\/uploads\/2025\/03\/Chantier--1024x357.jpg\" alt=\"\" class=\"wp-image-3212\" srcset=\"https:\/\/paulinechovet.fr\/wp-content\/uploads\/2025\/03\/Chantier--1024x357.jpg 1024w, https:\/\/paulinechovet.fr\/wp-content\/uploads\/2025\/03\/Chantier--300x105.jpg 300w, https:\/\/paulinechovet.fr\/wp-content\/uploads\/2025\/03\/Chantier--768x268.jpg 768w, https:\/\/paulinechovet.fr\/wp-content\/uploads\/2025\/03\/Chantier--1536x535.jpg 1536w, https:\/\/paulinechovet.fr\/wp-content\/uploads\/2025\/03\/Chantier--2048x714.jpg 2048w, https:\/\/paulinechovet.fr\/wp-content\/uploads\/2025\/03\/Chantier--600x209.jpg 600w\" sizes=\"auto, (max-width: 1024px) 100vw, 1024px\" \/><\/figure>\n<\/figure>\n\n\n\n<div class=\"space_20 clearfix\"><\/div>\n\n\n\n<ul class=\"wp-block-list\">\n<li><strong>PHOTOGRAPHIES AU DRONE :<\/strong> Mettre en valeur les formes et l\u2019environnement.<\/li>\n<\/ul>\n\n\n\n<p class=\"has-small-font-size\"><em>Je r\u00e9alise des photographies a\u00e9riennes par drone pour mettre en valeur l\u2019urbanisme, offrant une perspective unique sur l\u2019agencement des espaces, les infrastructures et leur int\u00e9gration dans l\u2019environnement.<\/em><\/p>\n\n\n\n<figure class=\"wp-block-gallery has-nested-images columns-default is-cropped wp-block-gallery-4 is-layout-flex wp-block-gallery-is-layout-flex\">\n<figure class=\"wp-block-image size-large\"><img loading=\"lazy\" decoding=\"async\" width=\"1024\" height=\"357\" data-id=\"3210\" src=\"https:\/\/paulinechovet.fr\/wp-content\/uploads\/2025\/03\/DRONE.-jpg-1-1024x357.jpg\" alt=\"\" class=\"wp-image-3210\" srcset=\"https:\/\/paulinechovet.fr\/wp-content\/uploads\/2025\/03\/DRONE.-jpg-1-1024x357.jpg 1024w, https:\/\/paulinechovet.fr\/wp-content\/uploads\/2025\/03\/DRONE.-jpg-1-300x105.jpg 300w, https:\/\/paulinechovet.fr\/wp-content\/uploads\/2025\/03\/DRONE.-jpg-1-768x268.jpg 768w, https:\/\/paulinechovet.fr\/wp-content\/uploads\/2025\/03\/DRONE.-jpg-1-1536x535.jpg 1536w, https:\/\/paulinechovet.fr\/wp-content\/uploads\/2025\/03\/DRONE.-jpg-1-2048x714.jpg 2048w, https:\/\/paulinechovet.fr\/wp-content\/uploads\/2025\/03\/DRONE.-jpg-1-600x209.jpg 600w\" sizes=\"auto, (max-width: 1024px) 100vw, 1024px\" \/><\/figure>\n<\/figure>\n\n\n\n<div class=\"space_20 clearfix\"><\/div>\n\n\n\n<p class=\"has-text-align-center\"><strong>Mon travail vous int\u00e9resse, vous souhaitez r\u00e9aliser un reportage photo pour l\u2019un de vos projets, laissez-moi un message en cliquant ici &nbsp;<a href=\"https:\/\/paulinechovet.fr\/?page_id=111\"><i class=\"icon-envelope-alt\" style=\"font-size:14px; color:#0000FF;\"><\/i><\/a><\/strong><\/p>\n","protected":false},"excerpt":{"rendered":"<p>Mes prestations photographiques : Je photographie l\u2019architecture et l\u2019immobilier en ext\u00e9rieur, valorisant immeubles, maisons, bureaux et b\u00e2timents historiques. Gr\u00e2ce \u00e0 un objectif \u00e0 d\u00e9centrement, j\u2019assure des perspectives justes et des lignes fid\u00e8les. Les prises de vue peuvent aussi se faire &hellip; <a href=\"https:\/\/paulinechovet.fr\/?page_id=3177\">Lire la suite\u00ad\u00ad<\/a><\/p>\n","protected":false},"author":1,"featured_media":0,"parent":0,"menu_order":0,"comment_status":"closed","ping_status":"closed","template":"","meta":{"kt_blocks_editor_width":"","footnotes":""},"class_list":["post-3177","page","type-page","status-publish","hentry"],"yoast_head":"<!-- This site is optimized with the Yoast SEO plugin v27.5 - https:\/\/yoast.com\/product\/yoast-seo-wordpress\/ -->\n<title>PRESTATIONS - Photographe architecture \u00e0 Lyon<\/title>\n<meta name=\"robots\" content=\"index, follow, max-snippet:-1, max-image-preview:large, max-video-preview:-1\" \/>\n<link rel=\"canonical\" href=\"https:\/\/paulinechovet.fr\/?page_id=3177\" \/>\n<meta property=\"og:locale\" content=\"fr_FR\" \/>\n<meta property=\"og:type\" content=\"article\" \/>\n<meta property=\"og:title\" content=\"PRESTATIONS - Photographe architecture \u00e0 Lyon\" \/>\n<meta property=\"og:description\" content=\"Mes prestations photographiques : Je photographie l\u2019architecture et l\u2019immobilier en ext\u00e9rieur, valorisant immeubles, maisons, bureaux et b\u00e2timents historiques. Gr\u00e2ce \u00e0 un objectif \u00e0 d\u00e9centrement, j\u2019assure des perspectives justes et des lignes fid\u00e8les. Les prises de vue peuvent aussi se faire &hellip; Lire la suite\u00ad\u00ad\" \/>\n<meta property=\"og:url\" content=\"https:\/\/paulinechovet.fr\/?page_id=3177\" \/>\n<meta property=\"og:site_name\" content=\"Photographe architecture \u00e0 Lyon\" \/>\n<meta property=\"article:modified_time\" content=\"2026-05-05T10:42:15+00:00\" \/>\n<meta property=\"og:image\" content=\"https:\/\/paulinechovet.fr\/wp-content\/uploads\/2025\/03\/EXT-.jpg\" \/>\n\t<meta property=\"og:image:width\" content=\"2500\" \/>\n\t<meta property=\"og:image:height\" content=\"871\" \/>\n\t<meta property=\"og:image:type\" content=\"image\/jpeg\" \/>\n<meta name=\"twitter:card\" content=\"summary_large_image\" \/>\n<meta name=\"twitter:label1\" content=\"Dur\u00e9e de lecture estim\u00e9e\" \/>\n\t<meta name=\"twitter:data1\" content=\"2 minutes\" \/>\n<script type=\"application\/ld+json\" class=\"yoast-schema-graph\">{\"@context\":\"https:\\\/\\\/schema.org\",\"@graph\":[{\"@type\":\"WebPage\",\"@id\":\"https:\\\/\\\/paulinechovet.fr\\\/?page_id=3177\",\"url\":\"https:\\\/\\\/paulinechovet.fr\\\/?page_id=3177\",\"name\":\"PRESTATIONS - Photographe architecture \u00e0 Lyon\",\"isPartOf\":{\"@id\":\"https:\\\/\\\/paulinechovet.fr\\\/#website\"},\"primaryImageOfPage\":{\"@id\":\"https:\\\/\\\/paulinechovet.fr\\\/?page_id=3177#primaryimage\"},\"image\":{\"@id\":\"https:\\\/\\\/paulinechovet.fr\\\/?page_id=3177#primaryimage\"},\"thumbnailUrl\":\"https:\\\/\\\/paulinechovet.fr\\\/wp-content\\\/uploads\\\/2025\\\/03\\\/EXT--1024x357.jpg\",\"datePublished\":\"2025-03-23T17:29:43+00:00\",\"dateModified\":\"2026-05-05T10:42:15+00:00\",\"breadcrumb\":{\"@id\":\"https:\\\/\\\/paulinechovet.fr\\\/?page_id=3177#breadcrumb\"},\"inLanguage\":\"fr-FR\",\"potentialAction\":[{\"@type\":\"ReadAction\",\"target\":[\"https:\\\/\\\/paulinechovet.fr\\\/?page_id=3177\"]}]},{\"@type\":\"ImageObject\",\"inLanguage\":\"fr-FR\",\"@id\":\"https:\\\/\\\/paulinechovet.fr\\\/?page_id=3177#primaryimage\",\"url\":\"https:\\\/\\\/paulinechovet.fr\\\/wp-content\\\/uploads\\\/2025\\\/03\\\/EXT-.jpg\",\"contentUrl\":\"https:\\\/\\\/paulinechovet.fr\\\/wp-content\\\/uploads\\\/2025\\\/03\\\/EXT-.jpg\",\"width\":2500,\"height\":871},{\"@type\":\"BreadcrumbList\",\"@id\":\"https:\\\/\\\/paulinechovet.fr\\\/?page_id=3177#breadcrumb\",\"itemListElement\":[{\"@type\":\"ListItem\",\"position\":1,\"name\":\"Accueil\",\"item\":\"https:\\\/\\\/paulinechovet.fr\\\/\"},{\"@type\":\"ListItem\",\"position\":2,\"name\":\"PRESTATIONS\"}]},{\"@type\":\"WebSite\",\"@id\":\"https:\\\/\\\/paulinechovet.fr\\\/#website\",\"url\":\"https:\\\/\\\/paulinechovet.fr\\\/\",\"name\":\"Pauline Chovet Photographie\",\"description\":\"Photographe d&#039;architecture, de suivi de chantier et d&#039;urbanisme.\",\"publisher\":{\"@id\":\"https:\\\/\\\/paulinechovet.fr\\\/#\\\/schema\\\/person\\\/6a162bdd34747faeff134a4df4779769\"},\"potentialAction\":[{\"@type\":\"SearchAction\",\"target\":{\"@type\":\"EntryPoint\",\"urlTemplate\":\"https:\\\/\\\/paulinechovet.fr\\\/?s={search_term_string}\"},\"query-input\":{\"@type\":\"PropertyValueSpecification\",\"valueRequired\":true,\"valueName\":\"search_term_string\"}}],\"inLanguage\":\"fr-FR\"},{\"@type\":[\"Person\",\"Organization\"],\"@id\":\"https:\\\/\\\/paulinechovet.fr\\\/#\\\/schema\\\/person\\\/6a162bdd34747faeff134a4df4779769\",\"name\":\"Pauline Chovet\",\"image\":{\"@type\":\"ImageObject\",\"inLanguage\":\"fr-FR\",\"@id\":\"https:\\\/\\\/paulinechovet.fr\\\/wp-content\\\/uploads\\\/2026\\\/03\\\/LOGO-PARFAITbis.jpg\",\"url\":\"https:\\\/\\\/paulinechovet.fr\\\/wp-content\\\/uploads\\\/2026\\\/03\\\/LOGO-PARFAITbis.jpg\",\"contentUrl\":\"https:\\\/\\\/paulinechovet.fr\\\/wp-content\\\/uploads\\\/2026\\\/03\\\/LOGO-PARFAITbis.jpg\",\"width\":2111,\"height\":2111,\"caption\":\"Pauline Chovet\"},\"logo\":{\"@id\":\"https:\\\/\\\/paulinechovet.fr\\\/wp-content\\\/uploads\\\/2026\\\/03\\\/LOGO-PARFAITbis.jpg\"},\"sameAs\":[\"http:\\\/\\\/www.paulinechovet.fr\"]}]}<\/script>\n<!-- \/ Yoast SEO plugin. -->","yoast_head_json":{"title":"PRESTATIONS - Photographe architecture \u00e0 Lyon","robots":{"index":"index","follow":"follow","max-snippet":"max-snippet:-1","max-image-preview":"max-image-preview:large","max-video-preview":"max-video-preview:-1"},"canonical":"https:\/\/paulinechovet.fr\/?page_id=3177","og_locale":"fr_FR","og_type":"article","og_title":"PRESTATIONS - Photographe architecture \u00e0 Lyon","og_description":"Mes prestations photographiques : Je photographie l\u2019architecture et l\u2019immobilier en ext\u00e9rieur, valorisant immeubles, maisons, bureaux et b\u00e2timents historiques. Gr\u00e2ce \u00e0 un objectif \u00e0 d\u00e9centrement, j\u2019assure des perspectives justes et des lignes fid\u00e8les. Les prises de vue peuvent aussi se faire &hellip; Lire la suite\u00ad\u00ad","og_url":"https:\/\/paulinechovet.fr\/?page_id=3177","og_site_name":"Photographe architecture \u00e0 Lyon","article_modified_time":"2026-05-05T10:42:15+00:00","og_image":[{"width":2500,"height":871,"url":"https:\/\/paulinechovet.fr\/wp-content\/uploads\/2025\/03\/EXT-.jpg","type":"image\/jpeg"}],"twitter_card":"summary_large_image","twitter_misc":{"Dur\u00e9e de lecture estim\u00e9e":"2 minutes"},"schema":{"@context":"https:\/\/schema.org","@graph":[{"@type":"WebPage","@id":"https:\/\/paulinechovet.fr\/?page_id=3177","url":"https:\/\/paulinechovet.fr\/?page_id=3177","name":"PRESTATIONS - Photographe architecture \u00e0 Lyon","isPartOf":{"@id":"https:\/\/paulinechovet.fr\/#website"},"primaryImageOfPage":{"@id":"https:\/\/paulinechovet.fr\/?page_id=3177#primaryimage"},"image":{"@id":"https:\/\/paulinechovet.fr\/?page_id=3177#primaryimage"},"thumbnailUrl":"https:\/\/paulinechovet.fr\/wp-content\/uploads\/2025\/03\/EXT--1024x357.jpg","datePublished":"2025-03-23T17:29:43+00:00","dateModified":"2026-05-05T10:42:15+00:00","breadcrumb":{"@id":"https:\/\/paulinechovet.fr\/?page_id=3177#breadcrumb"},"inLanguage":"fr-FR","potentialAction":[{"@type":"ReadAction","target":["https:\/\/paulinechovet.fr\/?page_id=3177"]}]},{"@type":"ImageObject","inLanguage":"fr-FR","@id":"https:\/\/paulinechovet.fr\/?page_id=3177#primaryimage","url":"https:\/\/paulinechovet.fr\/wp-content\/uploads\/2025\/03\/EXT-.jpg","contentUrl":"https:\/\/paulinechovet.fr\/wp-content\/uploads\/2025\/03\/EXT-.jpg","width":2500,"height":871},{"@type":"BreadcrumbList","@id":"https:\/\/paulinechovet.fr\/?page_id=3177#breadcrumb","itemListElement":[{"@type":"ListItem","position":1,"name":"Accueil","item":"https:\/\/paulinechovet.fr\/"},{"@type":"ListItem","position":2,"name":"PRESTATIONS"}]},{"@type":"WebSite","@id":"https:\/\/paulinechovet.fr\/#website","url":"https:\/\/paulinechovet.fr\/","name":"Pauline Chovet Photographie","description":"Photographe d&#039;architecture, de suivi de chantier et d&#039;urbanisme.","publisher":{"@id":"https:\/\/paulinechovet.fr\/#\/schema\/person\/6a162bdd34747faeff134a4df4779769"},"potentialAction":[{"@type":"SearchAction","target":{"@type":"EntryPoint","urlTemplate":"https:\/\/paulinechovet.fr\/?s={search_term_string}"},"query-input":{"@type":"PropertyValueSpecification","valueRequired":true,"valueName":"search_term_string"}}],"inLanguage":"fr-FR"},{"@type":["Person","Organization"],"@id":"https:\/\/paulinechovet.fr\/#\/schema\/person\/6a162bdd34747faeff134a4df4779769","name":"Pauline Chovet","image":{"@type":"ImageObject","inLanguage":"fr-FR","@id":"https:\/\/paulinechovet.fr\/wp-content\/uploads\/2026\/03\/LOGO-PARFAITbis.jpg","url":"https:\/\/paulinechovet.fr\/wp-content\/uploads\/2026\/03\/LOGO-PARFAITbis.jpg","contentUrl":"https:\/\/paulinechovet.fr\/wp-content\/uploads\/2026\/03\/LOGO-PARFAITbis.jpg","width":2111,"height":2111,"caption":"Pauline Chovet"},"logo":{"@id":"https:\/\/paulinechovet.fr\/wp-content\/uploads\/2026\/03\/LOGO-PARFAITbis.jpg"},"sameAs":["http:\/\/www.paulinechovet.fr"]}]}},"jetpack_sharing_enabled":true,"_links":{"self":[{"href":"https:\/\/paulinechovet.fr\/index.php?rest_route=\/wp\/v2\/pages\/3177","targetHints":{"allow":["GET"]}}],"collection":[{"href":"https:\/\/paulinechovet.fr\/index.php?rest_route=\/wp\/v2\/pages"}],"about":[{"href":"https:\/\/paulinechovet.fr\/index.php?rest_route=\/wp\/v2\/types\/page"}],"author":[{"embeddable":true,"href":"https:\/\/paulinechovet.fr\/index.php?rest_route=\/wp\/v2\/users\/1"}],"replies":[{"embeddable":true,"href":"https:\/\/paulinechovet.fr\/index.php?rest_route=%2Fwp%2Fv2%2Fcomments&post=3177"}],"version-history":[{"count":38,"href":"https:\/\/paulinechovet.fr\/index.php?rest_route=\/wp\/v2\/pages\/3177\/revisions"}],"predecessor-version":[{"id":3454,"href":"https:\/\/paulinechovet.fr\/index.php?rest_route=\/wp\/v2\/pages\/3177\/revisions\/3454"}],"wp:attachment":[{"href":"https:\/\/paulinechovet.fr\/index.php?rest_route=%2Fwp%2Fv2%2Fmedia&parent=3177"}],"curies":[{"name":"wp","href":"https:\/\/api.w.org\/{rel}","templated":true}]}}