{"id":2678,"date":"2021-12-08T16:30:08","date_gmt":"2021-12-08T15:30:08","guid":{"rendered":"https:\/\/paulinechovet.fr\/?page_id=2678"},"modified":"2021-12-08T16:30:27","modified_gmt":"2021-12-08T15:30:27","slug":"2678-2","status":"publish","type":"page","link":"https:\/\/paulinechovet.fr\/?page_id=2678","title":{"rendered":"Politique de confidentialit\u00e9"},"content":{"rendered":"<p><img loading=\"lazy\" decoding=\"async\" class=\"alignnone size-medium wp-image-2679 aligncenter\" src=\"http:\/\/paulinechovet.fr\/wp-content\/uploads\/2021\/12\/Capture-decran-2021-12-08-a-16.28.36-300x29.png\" alt=\"\" width=\"300\" height=\"29\" srcset=\"https:\/\/paulinechovet.fr\/wp-content\/uploads\/2021\/12\/Capture-decran-2021-12-08-a-16.28.36-300x29.png 300w, https:\/\/paulinechovet.fr\/wp-content\/uploads\/2021\/12\/Capture-decran-2021-12-08-a-16.28.36-768x75.png 768w, https:\/\/paulinechovet.fr\/wp-content\/uploads\/2021\/12\/Capture-decran-2021-12-08-a-16.28.36-600x59.png 600w, https:\/\/paulinechovet.fr\/wp-content\/uploads\/2021\/12\/Capture-decran-2021-12-08-a-16.28.36.png 936w\" sizes=\"auto, (max-width: 300px) 100vw, 300px\" \/><\/p>\n<p><strong>Introduction<\/strong><\/p>\n<ol>\n<li>La confidentialit\u00e9 des visiteurs de notre site web est tr\u00e8s importante \u00e0 nos yeux, et nous nous engageons \u00e0 la prot\u00e9ger. Cette politique d\u00e9taille ce que nous faisons de vos informations personnelles.<\/li>\n<li>Consentir \u00e0 notre utilisation de cookies en accord avec cette politique lors de votre premi\u00e8re visite de notre site web nous permet d\u2019utiliser des cookies \u00e0 chaque fois que vous consultez notre site<\/li>\n<\/ol>\n<p><strong style=\"color: initial;\">Source<\/strong><\/p>\n<p>Ce document a \u00e9t\u00e9 cr\u00e9\u00e9 gr\u00e2ce \u00e0 un mod\u00e8le de SEQ Legal (seqlegal.com) sur Websiteplanet<\/p>\n<p><strong> Collecte d\u2019informations personnelles\u00a0<\/strong><\/p>\n<p>Les types d\u2019informations personnelles suivants peuvent collect\u00e9s, stock\u00e9s et utilis\u00e9s :<\/p>\n<ol>\n<li>Des informations \u00e0 propos de votre ordinateur, y compris votre adresse IP, votre localisation g\u00e9ographique, le type et la version de votre navigateur, et votre syst\u00e8me d\u2019exploitation ;<\/li>\n<li>Des informations sur vos visites et votre utilisation de ce site web y compris la source r\u00e9f\u00e9rente, la dur\u00e9e de la visite, les pages vues, et les chemins de navigation de sites web ;<\/li>\n<li>Des informations comme votre adresse e-mail, que vous nous fournissez lors de votre inscription au site ;<\/li>\n<li>Des informations que vous saisissez quand vous cr\u00e9ez un profil sur notre site web comme votre nom, votre photo de profil, votre genre, votre date de naissance, votre situation amoureuse, vos int\u00e9r\u00eats et vos loisirs, votre parcours scolaire et votre parcours professionnel ;<\/li>\n<li>Des informations comme votre nom et votre adresse e-mail, que vous saisissez pour souscrire \u00e0 nos e-mails et\/ou newsletters ;<\/li>\n<li>Des informations que vous saisissez quand vous utilisez les services de notre site web ;<\/li>\n<li>Des informations g\u00e9n\u00e9r\u00e9es lors de l\u2019utilisation de notre site, y compris quand, \u00e0 quelle fr\u00e9quence et sous quelles circonstances vous l\u2019utilisez ;<\/li>\n<li>Des informations relatives aux achats que vous faites, aux services que vous utilisez ou aux transactions que vous effectuez sur notre site, qui incluent votre nom, adresse, num\u00e9ro de t\u00e9l\u00e9phone, adresse e-mail et informations bancaires ;<\/li>\n<li>Des informations que vous publiez sur notre site web dans l\u2019intention de les publier sur internet, et qui incluent votre identifiant, vos photos de profil et le contenu de vos publications ;<\/li>\n<li>Des informations contenues dans toutes les communications que vous nous envoyez par e-mail ou sur notre site web, y compris leurs contenus et leurs m\u00e9tadonn\u00e9es ;<\/li>\n<li>Toute autre information personnelle que vous nous communiquez.<\/li>\n<\/ol>\n<p>Avant de nous divulguer des informations personnelles concernant une autre personne, vous devez obtenir le consentement de ladite personne en ce qui concerne la divulgation et le traitement de ces informations personnelles selon les termes de cette politique<\/p>\n<p>Avant de nous divulguer des informations personnelles concernant une autre personne, vous devez obtenir le consentement de ladite personne en ce qui concerne la divulgation et le traitement de ces informations personnelles selon les termes de cette politique<\/p>\n<p><strong>Utilisation de vos informations personnelles<\/strong><\/p>\n<p>Les informations personnelles qui nous sont fournies par le biais de notre site web seront utilis\u00e9es dans les objectifs d\u00e9crits dans cette politique ou dans les pages du site pertinentes. Nous pouvons utiliser vos informations personnelles pour:<\/p>\n<ol>\n<li>Administrer notre site web et notre entreprise ;<\/li>\n<li>Personnaliser notre site web pour vous ;<\/li>\n<li>Permettre votre utilisation des services propos\u00e9s sur notre site web ;<\/li>\n<li>Vous envoyer les marchandises achet\u00e9es sur notre site ;<\/li>\n<li>Vous fournir les services achet\u00e9s sur notre site ;<\/li>\n<li>Vous envoyer des relev\u00e9s, des factures et des rappels de paiement, et collecter vos paiements ;<\/li>\n<li>Vous envoyer des communications commerciales non relatives au marketing ;<\/li>\n<li>Vous envoyer des notifications par e-mail que vous avez express\u00e9ment demand\u00e9es ;<\/li>\n<li>Vous envoyer notre newsletter par mail, si vous l\u2019avez demand\u00e9 (vous pouvez nous informer \u00e0 tout moment de votre volont\u00e9 de ne plus recevoir notre newsletter) ;<\/li>\n<li>Vous envoyer des communications marketing relatives \u00e0 notre entreprise ou \u00e0 des entreprises tierces s\u00e9lectionn\u00e9es avec soin qui selon nous pourraient vous int\u00e9resser, sous forme de publication, ou si vous avez express\u00e9ment donn\u00e9 votre accord, par e-mail ou technologie similaire (vous pouvez nous informer \u00e0 tout moment de votre volont\u00e9 de ne plus recevoir de communications marketing) ;<\/li>\n<li>Fournir des informations statistiques \u00e0 propos de nos utilisateurs \u00e0 des tierces parties (sans que ces tierces parties puissent identifier d\u2019utilisateur individuel avec ces informations) ;<\/li>\n<li>Traiter les demandes et les r\u00e9clamations relatives \u00e0 votre site web effectu\u00e9es par vous ou vous concernant ;<\/li>\n<li>Maintenir la s\u00e9curit\u00e9 de notre site web et emp\u00eacher la fraude ;<\/li>\n<li>V\u00e9rifier le respect des conditions g\u00e9n\u00e9rales qui r\u00e9gissent l\u2019utilisation de notre site web (y compris surveiller les messages priv\u00e9s envoy\u00e9s par le biais du service de messagerie priv\u00e9 de notre site web) ; et<\/li>\n<li>D\u2019autres utilisations.<\/li>\n<\/ol>\n<p>Si vous soumettez des informations personnelles sur notre site web dans le but de les publier, nous les publierons et pourrons utiliser ces informations conform\u00e9ment aux autorisations que vous nous accordez.<\/p>\n<p>Vos param\u00e8tres de confidentialit\u00e9 peuvent \u00eatre utilis\u00e9s pour limiter la publication de vos informations sur notre site web et peuvent \u00eatre ajust\u00e9s dans vos param\u00e8tres de confidentialit\u00e9 sur le site web.<\/p>\n<p>Sans votre consentement explicite, nous ne fournirons pas vos informations personnelles \u00e0 des tierces parties pour leur marketing direct, ni celui d\u2019autres tierces parties.<\/p>\n<p><strong>Divulgation de vos informations personnelles<\/strong><\/p>\n<ol>\n<li>Dans la mesure o\u00f9 nous sommes tenus de le faire par la loi ;<\/li>\n<li>Dans le cadre de toute proc\u00e9dure judiciaire en cours ou \u00e0 venir ;<\/li>\n<li>Pour \u00e9tablir, exercer ou d\u00e9fendre nos droits l\u00e9gaux (y compris fournir des informations \u00e0 d\u2019autres \u00e0 des fins de pr\u00e9vention des fraudes et de r\u00e9duction des risques de cr\u00e9dit)<\/li>\n<li>\u00c0 toute personne que nous estimons raisonnablement faire partie int\u00e9grante d\u2019un tribunal ou autre autorit\u00e9 comp\u00e9tente pour la divulgation de ces informations personnelles si, selon notre opinion, un tel tribunal ou une telle autorit\u00e9 serait susceptible de demander la divulgation de ces informations personnelles.<\/li>\n<\/ol>\n<p>Sauf disposition contraire de la pr\u00e9sente politique, nous ne transmettrons pas vos informations personnelles \u00e0 des tierces parties.<\/p>\n<p><strong>S\u00e9curit\u00e9 de vos informations personnelles<\/strong><\/p>\n<ol>\n<li>Nous prendrons des pr\u00e9cautions techniques et organisationnelles raisonnables pour emp\u00eacher la perte, l\u2019abus ou l\u2019alt\u00e9ration de vos informations personnelle.<\/li>\n<li>Nous stockerons toutes les informations personnelles que vous nous fournissez sur des serveurs s\u00e9curis\u00e9s (prot\u00e9g\u00e9s par mot de passe et pare-feu).<\/li>\n<li>Toutes les transactions financi\u00e8res \u00e9lectroniques effectu\u00e9es par le biais de notre site web seront prot\u00e9g\u00e9es par des technologies de cryptage.<\/li>\n<li>Vous reconnaissez que la transmission d\u2019informations par internet est intrins\u00e8quement non s\u00e9curis\u00e9e, et que nous ne pouvons pas garantir la s\u00e9curit\u00e9 de vos donn\u00e9es envoy\u00e9es par internet.<\/li>\n<\/ol>\n<p><strong style=\"color: initial;\">Cookies<\/strong><\/p>\n<p>Notre site web utilise des cookies. Si vous voulez en savoir plus dirigez vous vers la page \u00ab\u00a0Politiques de cookies\u00a0\u00bb en pied de page.<\/p>\n","protected":false},"excerpt":{"rendered":"<p>Introduction La confidentialit\u00e9 des visiteurs de notre site web est tr\u00e8s importante \u00e0 nos yeux, et nous nous engageons \u00e0 la prot\u00e9ger. Cette politique d\u00e9taille ce que nous faisons de vos informations personnelles. Consentir \u00e0 notre utilisation de cookies en &hellip; <a href=\"https:\/\/paulinechovet.fr\/?page_id=2678\">Lire la suite\u00ad\u00ad<\/a><\/p>\n","protected":false},"author":1,"featured_media":0,"parent":0,"menu_order":0,"comment_status":"closed","ping_status":"closed","template":"","meta":{"kt_blocks_editor_width":"","footnotes":""},"class_list":["post-2678","page","type-page","status-publish","hentry"],"yoast_head":"<!-- This site is optimized with the Yoast SEO plugin v27.4 - https:\/\/yoast.com\/product\/yoast-seo-wordpress\/ -->\n<title>Politique de confidentialit\u00e9 - Photographe architecture Pauline Chovet<\/title>\n<meta name=\"robots\" content=\"index, follow, max-snippet:-1, max-image-preview:large, max-video-preview:-1\" \/>\n<link rel=\"canonical\" href=\"https:\/\/paulinechovet.fr\/?page_id=2678\" \/>\n<meta property=\"og:locale\" content=\"fr_FR\" \/>\n<meta property=\"og:type\" content=\"article\" \/>\n<meta property=\"og:title\" content=\"Politique de confidentialit\u00e9 - Photographe architecture Pauline Chovet\" \/>\n<meta property=\"og:description\" content=\"Introduction La confidentialit\u00e9 des visiteurs de notre site web est tr\u00e8s importante \u00e0 nos yeux, et nous nous engageons \u00e0 la prot\u00e9ger. Cette politique d\u00e9taille ce que nous faisons de vos informations personnelles. Consentir \u00e0 notre utilisation de cookies en &hellip; Lire la suite\u00ad\u00ad\" \/>\n<meta property=\"og:url\" content=\"https:\/\/paulinechovet.fr\/?page_id=2678\" \/>\n<meta property=\"og:site_name\" content=\"Photographe architecture Pauline Chovet\" \/>\n<meta property=\"article:modified_time\" content=\"2021-12-08T15:30:27+00:00\" \/>\n<meta property=\"og:image\" content=\"http:\/\/paulinechovet.fr\/wp-content\/uploads\/2021\/12\/Capture-decran-2021-12-08-a-16.28.36-300x29.png\" \/>\n<meta name=\"twitter:card\" content=\"summary_large_image\" \/>\n<meta name=\"twitter:label1\" content=\"Dur\u00e9e de lecture estim\u00e9e\" \/>\n\t<meta name=\"twitter:data1\" content=\"5 minutes\" \/>\n<script type=\"application\/ld+json\" class=\"yoast-schema-graph\">{\"@context\":\"https:\\\/\\\/schema.org\",\"@graph\":[{\"@type\":\"WebPage\",\"@id\":\"https:\\\/\\\/paulinechovet.fr\\\/?page_id=2678\",\"url\":\"https:\\\/\\\/paulinechovet.fr\\\/?page_id=2678\",\"name\":\"Politique de confidentialit\u00e9 - Photographe architecture Pauline Chovet\",\"isPartOf\":{\"@id\":\"https:\\\/\\\/paulinechovet.fr\\\/#website\"},\"primaryImageOfPage\":{\"@id\":\"https:\\\/\\\/paulinechovet.fr\\\/?page_id=2678#primaryimage\"},\"image\":{\"@id\":\"https:\\\/\\\/paulinechovet.fr\\\/?page_id=2678#primaryimage\"},\"thumbnailUrl\":\"http:\\\/\\\/paulinechovet.fr\\\/wp-content\\\/uploads\\\/2021\\\/12\\\/Capture-decran-2021-12-08-a-16.28.36-300x29.png\",\"datePublished\":\"2021-12-08T15:30:08+00:00\",\"dateModified\":\"2021-12-08T15:30:27+00:00\",\"breadcrumb\":{\"@id\":\"https:\\\/\\\/paulinechovet.fr\\\/?page_id=2678#breadcrumb\"},\"inLanguage\":\"fr-FR\",\"potentialAction\":[{\"@type\":\"ReadAction\",\"target\":[\"https:\\\/\\\/paulinechovet.fr\\\/?page_id=2678\"]}]},{\"@type\":\"ImageObject\",\"inLanguage\":\"fr-FR\",\"@id\":\"https:\\\/\\\/paulinechovet.fr\\\/?page_id=2678#primaryimage\",\"url\":\"http:\\\/\\\/paulinechovet.fr\\\/wp-content\\\/uploads\\\/2021\\\/12\\\/Capture-decran-2021-12-08-a-16.28.36-300x29.png\",\"contentUrl\":\"http:\\\/\\\/paulinechovet.fr\\\/wp-content\\\/uploads\\\/2021\\\/12\\\/Capture-decran-2021-12-08-a-16.28.36-300x29.png\"},{\"@type\":\"BreadcrumbList\",\"@id\":\"https:\\\/\\\/paulinechovet.fr\\\/?page_id=2678#breadcrumb\",\"itemListElement\":[{\"@type\":\"ListItem\",\"position\":1,\"name\":\"Accueil\",\"item\":\"https:\\\/\\\/paulinechovet.fr\\\/\"},{\"@type\":\"ListItem\",\"position\":2,\"name\":\"Politique de confidentialit\u00e9\"}]},{\"@type\":\"WebSite\",\"@id\":\"https:\\\/\\\/paulinechovet.fr\\\/#website\",\"url\":\"https:\\\/\\\/paulinechovet.fr\\\/\",\"name\":\"Pauline Chovet Photographie\",\"description\":\"Photographe d&#039;architecture, de suivi de chantier et d&#039;urbanisme.\",\"publisher\":{\"@id\":\"https:\\\/\\\/paulinechovet.fr\\\/#\\\/schema\\\/person\\\/6a162bdd34747faeff134a4df4779769\"},\"potentialAction\":[{\"@type\":\"SearchAction\",\"target\":{\"@type\":\"EntryPoint\",\"urlTemplate\":\"https:\\\/\\\/paulinechovet.fr\\\/?s={search_term_string}\"},\"query-input\":{\"@type\":\"PropertyValueSpecification\",\"valueRequired\":true,\"valueName\":\"search_term_string\"}}],\"inLanguage\":\"fr-FR\"},{\"@type\":[\"Person\",\"Organization\"],\"@id\":\"https:\\\/\\\/paulinechovet.fr\\\/#\\\/schema\\\/person\\\/6a162bdd34747faeff134a4df4779769\",\"name\":\"Pauline Chovet\",\"image\":{\"@type\":\"ImageObject\",\"inLanguage\":\"fr-FR\",\"@id\":\"https:\\\/\\\/paulinechovet.fr\\\/wp-content\\\/uploads\\\/2026\\\/03\\\/LOGO-PARFAITbis.jpg\",\"url\":\"https:\\\/\\\/paulinechovet.fr\\\/wp-content\\\/uploads\\\/2026\\\/03\\\/LOGO-PARFAITbis.jpg\",\"contentUrl\":\"https:\\\/\\\/paulinechovet.fr\\\/wp-content\\\/uploads\\\/2026\\\/03\\\/LOGO-PARFAITbis.jpg\",\"width\":2111,\"height\":2111,\"caption\":\"Pauline Chovet\"},\"logo\":{\"@id\":\"https:\\\/\\\/paulinechovet.fr\\\/wp-content\\\/uploads\\\/2026\\\/03\\\/LOGO-PARFAITbis.jpg\"},\"sameAs\":[\"http:\\\/\\\/www.paulinechovet.fr\"]}]}<\/script>\n<!-- \/ Yoast SEO plugin. -->","yoast_head_json":{"title":"Politique de confidentialit\u00e9 - Photographe architecture Pauline Chovet","robots":{"index":"index","follow":"follow","max-snippet":"max-snippet:-1","max-image-preview":"max-image-preview:large","max-video-preview":"max-video-preview:-1"},"canonical":"https:\/\/paulinechovet.fr\/?page_id=2678","og_locale":"fr_FR","og_type":"article","og_title":"Politique de confidentialit\u00e9 - Photographe architecture Pauline Chovet","og_description":"Introduction La confidentialit\u00e9 des visiteurs de notre site web est tr\u00e8s importante \u00e0 nos yeux, et nous nous engageons \u00e0 la prot\u00e9ger. Cette politique d\u00e9taille ce que nous faisons de vos informations personnelles. Consentir \u00e0 notre utilisation de cookies en &hellip; Lire la suite\u00ad\u00ad","og_url":"https:\/\/paulinechovet.fr\/?page_id=2678","og_site_name":"Photographe architecture Pauline Chovet","article_modified_time":"2021-12-08T15:30:27+00:00","og_image":[{"url":"http:\/\/paulinechovet.fr\/wp-content\/uploads\/2021\/12\/Capture-decran-2021-12-08-a-16.28.36-300x29.png","type":"","width":"","height":""}],"twitter_card":"summary_large_image","twitter_misc":{"Dur\u00e9e de lecture estim\u00e9e":"5 minutes"},"schema":{"@context":"https:\/\/schema.org","@graph":[{"@type":"WebPage","@id":"https:\/\/paulinechovet.fr\/?page_id=2678","url":"https:\/\/paulinechovet.fr\/?page_id=2678","name":"Politique de confidentialit\u00e9 - Photographe architecture Pauline Chovet","isPartOf":{"@id":"https:\/\/paulinechovet.fr\/#website"},"primaryImageOfPage":{"@id":"https:\/\/paulinechovet.fr\/?page_id=2678#primaryimage"},"image":{"@id":"https:\/\/paulinechovet.fr\/?page_id=2678#primaryimage"},"thumbnailUrl":"http:\/\/paulinechovet.fr\/wp-content\/uploads\/2021\/12\/Capture-decran-2021-12-08-a-16.28.36-300x29.png","datePublished":"2021-12-08T15:30:08+00:00","dateModified":"2021-12-08T15:30:27+00:00","breadcrumb":{"@id":"https:\/\/paulinechovet.fr\/?page_id=2678#breadcrumb"},"inLanguage":"fr-FR","potentialAction":[{"@type":"ReadAction","target":["https:\/\/paulinechovet.fr\/?page_id=2678"]}]},{"@type":"ImageObject","inLanguage":"fr-FR","@id":"https:\/\/paulinechovet.fr\/?page_id=2678#primaryimage","url":"http:\/\/paulinechovet.fr\/wp-content\/uploads\/2021\/12\/Capture-decran-2021-12-08-a-16.28.36-300x29.png","contentUrl":"http:\/\/paulinechovet.fr\/wp-content\/uploads\/2021\/12\/Capture-decran-2021-12-08-a-16.28.36-300x29.png"},{"@type":"BreadcrumbList","@id":"https:\/\/paulinechovet.fr\/?page_id=2678#breadcrumb","itemListElement":[{"@type":"ListItem","position":1,"name":"Accueil","item":"https:\/\/paulinechovet.fr\/"},{"@type":"ListItem","position":2,"name":"Politique de confidentialit\u00e9"}]},{"@type":"WebSite","@id":"https:\/\/paulinechovet.fr\/#website","url":"https:\/\/paulinechovet.fr\/","name":"Pauline Chovet Photographie","description":"Photographe d&#039;architecture, de suivi de chantier et d&#039;urbanisme.","publisher":{"@id":"https:\/\/paulinechovet.fr\/#\/schema\/person\/6a162bdd34747faeff134a4df4779769"},"potentialAction":[{"@type":"SearchAction","target":{"@type":"EntryPoint","urlTemplate":"https:\/\/paulinechovet.fr\/?s={search_term_string}"},"query-input":{"@type":"PropertyValueSpecification","valueRequired":true,"valueName":"search_term_string"}}],"inLanguage":"fr-FR"},{"@type":["Person","Organization"],"@id":"https:\/\/paulinechovet.fr\/#\/schema\/person\/6a162bdd34747faeff134a4df4779769","name":"Pauline Chovet","image":{"@type":"ImageObject","inLanguage":"fr-FR","@id":"https:\/\/paulinechovet.fr\/wp-content\/uploads\/2026\/03\/LOGO-PARFAITbis.jpg","url":"https:\/\/paulinechovet.fr\/wp-content\/uploads\/2026\/03\/LOGO-PARFAITbis.jpg","contentUrl":"https:\/\/paulinechovet.fr\/wp-content\/uploads\/2026\/03\/LOGO-PARFAITbis.jpg","width":2111,"height":2111,"caption":"Pauline Chovet"},"logo":{"@id":"https:\/\/paulinechovet.fr\/wp-content\/uploads\/2026\/03\/LOGO-PARFAITbis.jpg"},"sameAs":["http:\/\/www.paulinechovet.fr"]}]}},"jetpack_sharing_enabled":true,"_links":{"self":[{"href":"https:\/\/paulinechovet.fr\/index.php?rest_route=\/wp\/v2\/pages\/2678","targetHints":{"allow":["GET"]}}],"collection":[{"href":"https:\/\/paulinechovet.fr\/index.php?rest_route=\/wp\/v2\/pages"}],"about":[{"href":"https:\/\/paulinechovet.fr\/index.php?rest_route=\/wp\/v2\/types\/page"}],"author":[{"embeddable":true,"href":"https:\/\/paulinechovet.fr\/index.php?rest_route=\/wp\/v2\/users\/1"}],"replies":[{"embeddable":true,"href":"https:\/\/paulinechovet.fr\/index.php?rest_route=%2Fwp%2Fv2%2Fcomments&post=2678"}],"version-history":[{"count":3,"href":"https:\/\/paulinechovet.fr\/index.php?rest_route=\/wp\/v2\/pages\/2678\/revisions"}],"predecessor-version":[{"id":2683,"href":"https:\/\/paulinechovet.fr\/index.php?rest_route=\/wp\/v2\/pages\/2678\/revisions\/2683"}],"wp:attachment":[{"href":"https:\/\/paulinechovet.fr\/index.php?rest_route=%2Fwp%2Fv2%2Fmedia&parent=2678"}],"curies":[{"name":"wp","href":"https:\/\/api.w.org\/{rel}","templated":true}]}}