{"id":2642,"date":"2021-12-07T16:08:00","date_gmt":"2021-12-07T15:08:00","guid":{"rendered":"https:\/\/paulinechovet.fr\/?page_id=2642"},"modified":"2021-12-07T20:43:37","modified_gmt":"2021-12-07T19:43:37","slug":"conditions-generales-de-vente","status":"publish","type":"page","link":"https:\/\/paulinechovet.fr\/?page_id=2642","title":{"rendered":"Conditions g\u00e9n\u00e9rales de vente"},"content":{"rendered":"<p><img loading=\"lazy\" decoding=\"async\" class=\"alignnone size-medium wp-image-2669 aligncenter\" src=\"http:\/\/paulinechovet.fr\/wp-content\/uploads\/2021\/12\/Capture-decran-2021-12-07-a-20.41.11-300x27.png\" alt=\"\" width=\"300\" height=\"27\" srcset=\"https:\/\/paulinechovet.fr\/wp-content\/uploads\/2021\/12\/Capture-decran-2021-12-07-a-20.41.11-300x27.png 300w, https:\/\/paulinechovet.fr\/wp-content\/uploads\/2021\/12\/Capture-decran-2021-12-07-a-20.41.11-768x70.png 768w, https:\/\/paulinechovet.fr\/wp-content\/uploads\/2021\/12\/Capture-decran-2021-12-07-a-20.41.11-600x55.png 600w, https:\/\/paulinechovet.fr\/wp-content\/uploads\/2021\/12\/Capture-decran-2021-12-07-a-20.41.11.png 918w\" sizes=\"auto, (max-width: 300px) 100vw, 300px\" \/><\/p>\n<p>\u00a0<\/p>\n<p>Les conditions g\u00e9n\u00e9rales de vente d\u00e9crites ci-apr\u00e8s d\u00e9taillent les droits et obligations de la soci\u00e9t\u00e9 Pauline Chovet Photographe.<br \/>Toute commande de photographies entra\u00eene l\u2019enti\u00e8re adh\u00e9sion aux pr\u00e9sentes CGV.<\/p>\n<p>Le site internet http:\/\/paulinechovet.fr est un service de :<\/p>\n<ul>\n<li>Pauline Chovet<\/li>\n<li>Situ\u00e9 au\u00a0: 4 rue auguste Lacroix 69003 LYON<\/li>\n<li>email : photo@paulinechovet.fr<\/li>\n<li>num\u00e9ro de t\u00e9l\u00e9phone : 0678143858<\/li>\n<\/ul>\n<p>\u00a0<\/p>\n<p><strong>Pr\u00e9sentation du service<\/strong><\/p>\n<p>Le site http:\/\/paulinechovet.fr vous offre un service en ligne de tirage de photographie d\u2019art en \u00e9dition limit\u00e9e.<\/p>\n<p><strong>Tarifs<\/strong><\/p>\n<p>Les prix des photographies vendues sont ceux en vigueur au moment de la commande.<br \/>Les prix sont mentionn\u00e9s en euros et incluent la TVA et les frais de livraison en France m\u00e9tropolitaine.<br \/>Le site http:\/\/paulinechovet.fr s&rsquo;accorde le droit de modifier ses tarifs \u00e0 tout moment.<\/p>\n<p><strong>Modalit\u00e9s de paiement<\/strong><\/p>\n<p>Le r\u00e8glement des commandes s&rsquo;effectue par carte bancaire.<br \/>Le montant total des photos est \u00e0 payer en int\u00e9gralit\u00e9 le jour de la commande.<\/p>\n<p><strong>Livraison<\/strong><\/p>\n<p>La livraison est effectu\u00e9e par le d\u00e9p\u00f4t de la marchandise\u00a0au lieu indiqu\u00e9 par l&rsquo;acheteur sur le bon de commande.<br \/>Le d\u00e9lai de livraison indiqu\u00e9 lors de l&rsquo;enregistrement de la commande n&rsquo;est donn\u00e9 qu&rsquo;\u00e0 titre indicatif et n&rsquo;est aucunement garanti.<\/p>\n<p>Par voie de cons\u00e9quence, tout retard raisonnable dans la livraison des produits ne pourra pas donner lieu au profit de l&rsquo;acheteur \u00e0 l&rsquo;annulation de la commande.<\/p>\n<p>En cas de marchandises manquantes ou d\u00e9t\u00e9rior\u00e9es lors du transport, l&rsquo;acheteur devra refuser le colis et en informer du refus par mail \u00e0 l\u2019adresse suivante\u00a0: photo@paulinechovet.fr en joignant une photo justifiant la cause du refus.<\/p>\n<p><strong>Force majeure<\/strong><br \/>La responsabilit\u00e9 de la soci\u00e9t\u00e9 Pauline Chovet Photographe ne pourra pas \u00eatre mise en \u0153uvre si la non-ex\u00e9cution ou le retard dans l&rsquo;ex\u00e9cution de l&rsquo;une de ses obligations d\u00e9crites dans les pr\u00e9sentes conditions g\u00e9n\u00e9rales de vente d\u00e9coule d&rsquo;un cas de force majeure. \u00c0 ce titre, la force majeure s&rsquo;entend de tout \u00e9v\u00e9nement ext\u00e9rieur, impr\u00e9visible et irr\u00e9sistible au sens de l&rsquo;article 1148 du Code civil.<\/p>\n<p><strong>Politique de confidentialit\u00e9<\/strong><\/p>\n<p>La photographe s\u2019engage \u00e0 pr\u00e9server la vie priv\u00e9e de ses clients. En aucun cas les donn\u00e9es recueillies ne seront c\u00e9d\u00e9es ou vendues \u00e0 des tiers. Les informations personnelles demand\u00e9es au client sont destin\u00e9es exclusivement \u00e0 la photographe \u00e0 des fins de gestion administrative et commerciale.<\/p>\n<p><strong>Propri\u00e9t\u00e9 intellectuelle\u00a0<\/strong><\/p>\n<p>Toute diffusion ou reproduction de photographies originales, sans accord pr\u00e9alable de son auteur, porte atteinte aux droits de ce dernier qui pourra obtenir r\u00e9paration de son pr\u00e9judice (article L. 122-1 du Code de la propri\u00e9t\u00e9 intellectuelle).<\/p>\n<p><strong>Loi applicable<\/strong><\/p>\n<p>Toutes les prestations r\u00e9alis\u00e9es par la photographe sont soumises \u00e0 la loi fran\u00e7aise. Les parties s\u2019engagent, avant toute action judiciaire, \u00e0 soumettre leur diff\u00e9rent au m\u00e9diateur d\u00e9sign\u00e9 par les organismes repr\u00e9sentatifs des photographes professionnels. Pour toutes les contestations relatives \u00e0 l\u2019application des pr\u00e9sentes conditions g\u00e9n\u00e9rales de vente ou des prestations r\u00e9alis\u00e9es par la photographe, il sera fait appel au tribunal comp\u00e9tent pour r\u00e9gler le litige.<\/p>\n","protected":false},"excerpt":{"rendered":"<p>\u00a0 Les conditions g\u00e9n\u00e9rales de vente d\u00e9crites ci-apr\u00e8s d\u00e9taillent les droits et obligations de la soci\u00e9t\u00e9 Pauline Chovet Photographe.Toute commande de photographies entra\u00eene l\u2019enti\u00e8re adh\u00e9sion aux pr\u00e9sentes CGV. Le site internet http:\/\/paulinechovet.fr est un service de : Pauline Chovet Situ\u00e9 &hellip; <a href=\"https:\/\/paulinechovet.fr\/?page_id=2642\">Lire la suite\u00ad\u00ad<\/a><\/p>\n","protected":false},"author":1,"featured_media":0,"parent":0,"menu_order":0,"comment_status":"closed","ping_status":"closed","template":"","meta":{"kt_blocks_editor_width":"","footnotes":""},"class_list":["post-2642","page","type-page","status-publish","hentry"],"yoast_head":"<!-- This site is optimized with the Yoast SEO plugin v27.4 - https:\/\/yoast.com\/product\/yoast-seo-wordpress\/ -->\n<title>Conditions g\u00e9n\u00e9rales de vente - Photographe architecture \u00e0 Lyon<\/title>\n<meta name=\"robots\" content=\"index, follow, max-snippet:-1, max-image-preview:large, max-video-preview:-1\" \/>\n<link rel=\"canonical\" href=\"https:\/\/paulinechovet.fr\/?page_id=2642\" \/>\n<meta property=\"og:locale\" content=\"fr_FR\" \/>\n<meta property=\"og:type\" content=\"article\" \/>\n<meta property=\"og:title\" content=\"Conditions g\u00e9n\u00e9rales de vente - Photographe architecture \u00e0 Lyon\" \/>\n<meta property=\"og:description\" content=\"\u00a0 Les conditions g\u00e9n\u00e9rales de vente d\u00e9crites ci-apr\u00e8s d\u00e9taillent les droits et obligations de la soci\u00e9t\u00e9 Pauline Chovet Photographe.Toute commande de photographies entra\u00eene l\u2019enti\u00e8re adh\u00e9sion aux pr\u00e9sentes CGV. Le site internet http:\/\/paulinechovet.fr est un service de : Pauline Chovet Situ\u00e9 &hellip; Lire la suite\u00ad\u00ad\" \/>\n<meta property=\"og:url\" content=\"https:\/\/paulinechovet.fr\/?page_id=2642\" \/>\n<meta property=\"og:site_name\" content=\"Photographe architecture \u00e0 Lyon\" \/>\n<meta property=\"article:modified_time\" content=\"2021-12-07T19:43:37+00:00\" \/>\n<meta property=\"og:image\" content=\"http:\/\/paulinechovet.fr\/wp-content\/uploads\/2021\/12\/Capture-decran-2021-12-07-a-20.41.11-300x27.png\" \/>\n<meta name=\"twitter:card\" content=\"summary_large_image\" \/>\n<meta name=\"twitter:label1\" content=\"Dur\u00e9e de lecture estim\u00e9e\" \/>\n\t<meta name=\"twitter:data1\" content=\"3 minutes\" \/>\n<script type=\"application\/ld+json\" class=\"yoast-schema-graph\">{\"@context\":\"https:\\\/\\\/schema.org\",\"@graph\":[{\"@type\":\"WebPage\",\"@id\":\"https:\\\/\\\/paulinechovet.fr\\\/?page_id=2642\",\"url\":\"https:\\\/\\\/paulinechovet.fr\\\/?page_id=2642\",\"name\":\"Conditions g\u00e9n\u00e9rales de vente - Photographe architecture \u00e0 Lyon\",\"isPartOf\":{\"@id\":\"https:\\\/\\\/paulinechovet.fr\\\/#website\"},\"primaryImageOfPage\":{\"@id\":\"https:\\\/\\\/paulinechovet.fr\\\/?page_id=2642#primaryimage\"},\"image\":{\"@id\":\"https:\\\/\\\/paulinechovet.fr\\\/?page_id=2642#primaryimage\"},\"thumbnailUrl\":\"http:\\\/\\\/paulinechovet.fr\\\/wp-content\\\/uploads\\\/2021\\\/12\\\/Capture-decran-2021-12-07-a-20.41.11-300x27.png\",\"datePublished\":\"2021-12-07T15:08:00+00:00\",\"dateModified\":\"2021-12-07T19:43:37+00:00\",\"breadcrumb\":{\"@id\":\"https:\\\/\\\/paulinechovet.fr\\\/?page_id=2642#breadcrumb\"},\"inLanguage\":\"fr-FR\",\"potentialAction\":[{\"@type\":\"ReadAction\",\"target\":[\"https:\\\/\\\/paulinechovet.fr\\\/?page_id=2642\"]}]},{\"@type\":\"ImageObject\",\"inLanguage\":\"fr-FR\",\"@id\":\"https:\\\/\\\/paulinechovet.fr\\\/?page_id=2642#primaryimage\",\"url\":\"http:\\\/\\\/paulinechovet.fr\\\/wp-content\\\/uploads\\\/2021\\\/12\\\/Capture-decran-2021-12-07-a-20.41.11-300x27.png\",\"contentUrl\":\"http:\\\/\\\/paulinechovet.fr\\\/wp-content\\\/uploads\\\/2021\\\/12\\\/Capture-decran-2021-12-07-a-20.41.11-300x27.png\"},{\"@type\":\"BreadcrumbList\",\"@id\":\"https:\\\/\\\/paulinechovet.fr\\\/?page_id=2642#breadcrumb\",\"itemListElement\":[{\"@type\":\"ListItem\",\"position\":1,\"name\":\"Accueil\",\"item\":\"https:\\\/\\\/paulinechovet.fr\\\/\"},{\"@type\":\"ListItem\",\"position\":2,\"name\":\"Conditions g\u00e9n\u00e9rales de vente\"}]},{\"@type\":\"WebSite\",\"@id\":\"https:\\\/\\\/paulinechovet.fr\\\/#website\",\"url\":\"https:\\\/\\\/paulinechovet.fr\\\/\",\"name\":\"Pauline Chovet Photographie\",\"description\":\"Photographe d&#039;architecture, de suivi de chantier et d&#039;urbanisme.\",\"publisher\":{\"@id\":\"https:\\\/\\\/paulinechovet.fr\\\/#\\\/schema\\\/person\\\/6a162bdd34747faeff134a4df4779769\"},\"potentialAction\":[{\"@type\":\"SearchAction\",\"target\":{\"@type\":\"EntryPoint\",\"urlTemplate\":\"https:\\\/\\\/paulinechovet.fr\\\/?s={search_term_string}\"},\"query-input\":{\"@type\":\"PropertyValueSpecification\",\"valueRequired\":true,\"valueName\":\"search_term_string\"}}],\"inLanguage\":\"fr-FR\"},{\"@type\":[\"Person\",\"Organization\"],\"@id\":\"https:\\\/\\\/paulinechovet.fr\\\/#\\\/schema\\\/person\\\/6a162bdd34747faeff134a4df4779769\",\"name\":\"Pauline Chovet\",\"image\":{\"@type\":\"ImageObject\",\"inLanguage\":\"fr-FR\",\"@id\":\"https:\\\/\\\/paulinechovet.fr\\\/wp-content\\\/uploads\\\/2026\\\/03\\\/LOGO-PARFAITbis.jpg\",\"url\":\"https:\\\/\\\/paulinechovet.fr\\\/wp-content\\\/uploads\\\/2026\\\/03\\\/LOGO-PARFAITbis.jpg\",\"contentUrl\":\"https:\\\/\\\/paulinechovet.fr\\\/wp-content\\\/uploads\\\/2026\\\/03\\\/LOGO-PARFAITbis.jpg\",\"width\":2111,\"height\":2111,\"caption\":\"Pauline Chovet\"},\"logo\":{\"@id\":\"https:\\\/\\\/paulinechovet.fr\\\/wp-content\\\/uploads\\\/2026\\\/03\\\/LOGO-PARFAITbis.jpg\"},\"sameAs\":[\"http:\\\/\\\/www.paulinechovet.fr\"]}]}<\/script>\n<!-- \/ Yoast SEO plugin. -->","yoast_head_json":{"title":"Conditions g\u00e9n\u00e9rales de vente - Photographe architecture \u00e0 Lyon","robots":{"index":"index","follow":"follow","max-snippet":"max-snippet:-1","max-image-preview":"max-image-preview:large","max-video-preview":"max-video-preview:-1"},"canonical":"https:\/\/paulinechovet.fr\/?page_id=2642","og_locale":"fr_FR","og_type":"article","og_title":"Conditions g\u00e9n\u00e9rales de vente - Photographe architecture \u00e0 Lyon","og_description":"\u00a0 Les conditions g\u00e9n\u00e9rales de vente d\u00e9crites ci-apr\u00e8s d\u00e9taillent les droits et obligations de la soci\u00e9t\u00e9 Pauline Chovet Photographe.Toute commande de photographies entra\u00eene l\u2019enti\u00e8re adh\u00e9sion aux pr\u00e9sentes CGV. Le site internet http:\/\/paulinechovet.fr est un service de : Pauline Chovet Situ\u00e9 &hellip; Lire la suite\u00ad\u00ad","og_url":"https:\/\/paulinechovet.fr\/?page_id=2642","og_site_name":"Photographe architecture \u00e0 Lyon","article_modified_time":"2021-12-07T19:43:37+00:00","og_image":[{"url":"http:\/\/paulinechovet.fr\/wp-content\/uploads\/2021\/12\/Capture-decran-2021-12-07-a-20.41.11-300x27.png","type":"","width":"","height":""}],"twitter_card":"summary_large_image","twitter_misc":{"Dur\u00e9e de lecture estim\u00e9e":"3 minutes"},"schema":{"@context":"https:\/\/schema.org","@graph":[{"@type":"WebPage","@id":"https:\/\/paulinechovet.fr\/?page_id=2642","url":"https:\/\/paulinechovet.fr\/?page_id=2642","name":"Conditions g\u00e9n\u00e9rales de vente - Photographe architecture \u00e0 Lyon","isPartOf":{"@id":"https:\/\/paulinechovet.fr\/#website"},"primaryImageOfPage":{"@id":"https:\/\/paulinechovet.fr\/?page_id=2642#primaryimage"},"image":{"@id":"https:\/\/paulinechovet.fr\/?page_id=2642#primaryimage"},"thumbnailUrl":"http:\/\/paulinechovet.fr\/wp-content\/uploads\/2021\/12\/Capture-decran-2021-12-07-a-20.41.11-300x27.png","datePublished":"2021-12-07T15:08:00+00:00","dateModified":"2021-12-07T19:43:37+00:00","breadcrumb":{"@id":"https:\/\/paulinechovet.fr\/?page_id=2642#breadcrumb"},"inLanguage":"fr-FR","potentialAction":[{"@type":"ReadAction","target":["https:\/\/paulinechovet.fr\/?page_id=2642"]}]},{"@type":"ImageObject","inLanguage":"fr-FR","@id":"https:\/\/paulinechovet.fr\/?page_id=2642#primaryimage","url":"http:\/\/paulinechovet.fr\/wp-content\/uploads\/2021\/12\/Capture-decran-2021-12-07-a-20.41.11-300x27.png","contentUrl":"http:\/\/paulinechovet.fr\/wp-content\/uploads\/2021\/12\/Capture-decran-2021-12-07-a-20.41.11-300x27.png"},{"@type":"BreadcrumbList","@id":"https:\/\/paulinechovet.fr\/?page_id=2642#breadcrumb","itemListElement":[{"@type":"ListItem","position":1,"name":"Accueil","item":"https:\/\/paulinechovet.fr\/"},{"@type":"ListItem","position":2,"name":"Conditions g\u00e9n\u00e9rales de vente"}]},{"@type":"WebSite","@id":"https:\/\/paulinechovet.fr\/#website","url":"https:\/\/paulinechovet.fr\/","name":"Pauline Chovet Photographie","description":"Photographe d&#039;architecture, de suivi de chantier et d&#039;urbanisme.","publisher":{"@id":"https:\/\/paulinechovet.fr\/#\/schema\/person\/6a162bdd34747faeff134a4df4779769"},"potentialAction":[{"@type":"SearchAction","target":{"@type":"EntryPoint","urlTemplate":"https:\/\/paulinechovet.fr\/?s={search_term_string}"},"query-input":{"@type":"PropertyValueSpecification","valueRequired":true,"valueName":"search_term_string"}}],"inLanguage":"fr-FR"},{"@type":["Person","Organization"],"@id":"https:\/\/paulinechovet.fr\/#\/schema\/person\/6a162bdd34747faeff134a4df4779769","name":"Pauline Chovet","image":{"@type":"ImageObject","inLanguage":"fr-FR","@id":"https:\/\/paulinechovet.fr\/wp-content\/uploads\/2026\/03\/LOGO-PARFAITbis.jpg","url":"https:\/\/paulinechovet.fr\/wp-content\/uploads\/2026\/03\/LOGO-PARFAITbis.jpg","contentUrl":"https:\/\/paulinechovet.fr\/wp-content\/uploads\/2026\/03\/LOGO-PARFAITbis.jpg","width":2111,"height":2111,"caption":"Pauline Chovet"},"logo":{"@id":"https:\/\/paulinechovet.fr\/wp-content\/uploads\/2026\/03\/LOGO-PARFAITbis.jpg"},"sameAs":["http:\/\/www.paulinechovet.fr"]}]}},"jetpack_sharing_enabled":true,"_links":{"self":[{"href":"https:\/\/paulinechovet.fr\/index.php?rest_route=\/wp\/v2\/pages\/2642","targetHints":{"allow":["GET"]}}],"collection":[{"href":"https:\/\/paulinechovet.fr\/index.php?rest_route=\/wp\/v2\/pages"}],"about":[{"href":"https:\/\/paulinechovet.fr\/index.php?rest_route=\/wp\/v2\/types\/page"}],"author":[{"embeddable":true,"href":"https:\/\/paulinechovet.fr\/index.php?rest_route=\/wp\/v2\/users\/1"}],"replies":[{"embeddable":true,"href":"https:\/\/paulinechovet.fr\/index.php?rest_route=%2Fwp%2Fv2%2Fcomments&post=2642"}],"version-history":[{"count":13,"href":"https:\/\/paulinechovet.fr\/index.php?rest_route=\/wp\/v2\/pages\/2642\/revisions"}],"predecessor-version":[{"id":2670,"href":"https:\/\/paulinechovet.fr\/index.php?rest_route=\/wp\/v2\/pages\/2642\/revisions\/2670"}],"wp:attachment":[{"href":"https:\/\/paulinechovet.fr\/index.php?rest_route=%2Fwp%2Fv2%2Fmedia&parent=2642"}],"curies":[{"name":"wp","href":"https:\/\/api.w.org\/{rel}","templated":true}]}}