{"id":2170,"date":"2021-04-11T16:24:16","date_gmt":"2021-04-11T14:24:16","guid":{"rendered":"https:\/\/paulinechovet.fr\/?page_id=2170"},"modified":"2021-11-23T16:02:46","modified_gmt":"2021-11-23T15:02:46","slug":"cart-2","status":"publish","type":"page","link":"https:\/\/paulinechovet.fr\/?page_id=2170","title":{"rendered":"Mon panier"},"content":{"rendered":"<div class=\"woocommerce\"><div class=\"woocommerce-notices-wrapper\"><\/div><div class=\"wc-empty-cart-message\">\n\t<div class=\"cart-empty woocommerce-info\" role=\"status\">\n\t\tVotre panier est actuellement vide.\t<\/div>\n<\/div>\t<p class=\"return-to-shop\">\n\t\t<a class=\"button wc-backward\" href=\"https:\/\/paulinechovet.fr\/?page_id=2274\">\n\t\t\tRetour \u00e0 la boutique\t\t<\/a>\n\t<\/p>\n<\/div>\n\n\n\n<p><\/p>\n","protected":false},"excerpt":{"rendered":"","protected":false},"author":1,"featured_media":0,"parent":0,"menu_order":0,"comment_status":"closed","ping_status":"closed","template":"","meta":{"kt_blocks_editor_width":"","footnotes":""},"class_list":["post-2170","page","type-page","status-publish","hentry"],"yoast_head":"<!-- This site is optimized with the Yoast SEO plugin v27.5 - https:\/\/yoast.com\/product\/yoast-seo-wordpress\/ -->\n<title>Mon panier - Photographe architecture \u00e0 Lyon<\/title>\n<meta name=\"robots\" content=\"index, follow, max-snippet:-1, max-image-preview:large, max-video-preview:-1\" \/>\n<link rel=\"canonical\" href=\"https:\/\/paulinechovet.fr\/?page_id=2170\" \/>\n<meta property=\"og:locale\" content=\"fr_FR\" \/>\n<meta property=\"og:type\" content=\"article\" \/>\n<meta property=\"og:title\" content=\"Mon panier - Photographe architecture \u00e0 Lyon\" \/>\n<meta property=\"og:url\" content=\"https:\/\/paulinechovet.fr\/?page_id=2170\" \/>\n<meta property=\"og:site_name\" content=\"Photographe architecture \u00e0 Lyon\" \/>\n<meta property=\"article:modified_time\" content=\"2021-11-23T15:02:46+00:00\" \/>\n<meta name=\"twitter:card\" content=\"summary_large_image\" \/>\n<meta name=\"twitter:label1\" content=\"Dur\u00e9e de lecture estim\u00e9e\" \/>\n\t<meta name=\"twitter:data1\" content=\"1 minute\" \/>\n<script type=\"application\/ld+json\" class=\"yoast-schema-graph\">{\"@context\":\"https:\\\/\\\/schema.org\",\"@graph\":[{\"@type\":\"WebPage\",\"@id\":\"https:\\\/\\\/paulinechovet.fr\\\/?page_id=2170\",\"url\":\"https:\\\/\\\/paulinechovet.fr\\\/?page_id=2170\",\"name\":\"Mon panier - Photographe architecture \u00e0 Lyon\",\"isPartOf\":{\"@id\":\"https:\\\/\\\/paulinechovet.fr\\\/#website\"},\"datePublished\":\"2021-04-11T14:24:16+00:00\",\"dateModified\":\"2021-11-23T15:02:46+00:00\",\"breadcrumb\":{\"@id\":\"https:\\\/\\\/paulinechovet.fr\\\/?page_id=2170#breadcrumb\"},\"inLanguage\":\"fr-FR\",\"potentialAction\":[{\"@type\":\"ReadAction\",\"target\":[\"https:\\\/\\\/paulinechovet.fr\\\/?page_id=2170\"]}]},{\"@type\":\"BreadcrumbList\",\"@id\":\"https:\\\/\\\/paulinechovet.fr\\\/?page_id=2170#breadcrumb\",\"itemListElement\":[{\"@type\":\"ListItem\",\"position\":1,\"name\":\"Accueil\",\"item\":\"https:\\\/\\\/paulinechovet.fr\\\/\"},{\"@type\":\"ListItem\",\"position\":2,\"name\":\"Mon panier\"}]},{\"@type\":\"WebSite\",\"@id\":\"https:\\\/\\\/paulinechovet.fr\\\/#website\",\"url\":\"https:\\\/\\\/paulinechovet.fr\\\/\",\"name\":\"Pauline Chovet Photographie\",\"description\":\"Photographe d&#039;architecture, de suivi de chantier et d&#039;urbanisme.\",\"publisher\":{\"@id\":\"https:\\\/\\\/paulinechovet.fr\\\/#\\\/schema\\\/person\\\/6a162bdd34747faeff134a4df4779769\"},\"potentialAction\":[{\"@type\":\"SearchAction\",\"target\":{\"@type\":\"EntryPoint\",\"urlTemplate\":\"https:\\\/\\\/paulinechovet.fr\\\/?s={search_term_string}\"},\"query-input\":{\"@type\":\"PropertyValueSpecification\",\"valueRequired\":true,\"valueName\":\"search_term_string\"}}],\"inLanguage\":\"fr-FR\"},{\"@type\":[\"Person\",\"Organization\"],\"@id\":\"https:\\\/\\\/paulinechovet.fr\\\/#\\\/schema\\\/person\\\/6a162bdd34747faeff134a4df4779769\",\"name\":\"Pauline Chovet\",\"image\":{\"@type\":\"ImageObject\",\"inLanguage\":\"fr-FR\",\"@id\":\"https:\\\/\\\/paulinechovet.fr\\\/wp-content\\\/uploads\\\/2026\\\/03\\\/LOGO-PARFAITbis.jpg\",\"url\":\"https:\\\/\\\/paulinechovet.fr\\\/wp-content\\\/uploads\\\/2026\\\/03\\\/LOGO-PARFAITbis.jpg\",\"contentUrl\":\"https:\\\/\\\/paulinechovet.fr\\\/wp-content\\\/uploads\\\/2026\\\/03\\\/LOGO-PARFAITbis.jpg\",\"width\":2111,\"height\":2111,\"caption\":\"Pauline Chovet\"},\"logo\":{\"@id\":\"https:\\\/\\\/paulinechovet.fr\\\/wp-content\\\/uploads\\\/2026\\\/03\\\/LOGO-PARFAITbis.jpg\"},\"sameAs\":[\"http:\\\/\\\/www.paulinechovet.fr\"]}]}<\/script>\n<!-- \/ Yoast SEO plugin. -->","yoast_head_json":{"title":"Mon panier - Photographe architecture \u00e0 Lyon","robots":{"index":"index","follow":"follow","max-snippet":"max-snippet:-1","max-image-preview":"max-image-preview:large","max-video-preview":"max-video-preview:-1"},"canonical":"https:\/\/paulinechovet.fr\/?page_id=2170","og_locale":"fr_FR","og_type":"article","og_title":"Mon panier - Photographe architecture \u00e0 Lyon","og_url":"https:\/\/paulinechovet.fr\/?page_id=2170","og_site_name":"Photographe architecture \u00e0 Lyon","article_modified_time":"2021-11-23T15:02:46+00:00","twitter_card":"summary_large_image","twitter_misc":{"Dur\u00e9e de lecture estim\u00e9e":"1 minute"},"schema":{"@context":"https:\/\/schema.org","@graph":[{"@type":"WebPage","@id":"https:\/\/paulinechovet.fr\/?page_id=2170","url":"https:\/\/paulinechovet.fr\/?page_id=2170","name":"Mon panier - Photographe architecture \u00e0 Lyon","isPartOf":{"@id":"https:\/\/paulinechovet.fr\/#website"},"datePublished":"2021-04-11T14:24:16+00:00","dateModified":"2021-11-23T15:02:46+00:00","breadcrumb":{"@id":"https:\/\/paulinechovet.fr\/?page_id=2170#breadcrumb"},"inLanguage":"fr-FR","potentialAction":[{"@type":"ReadAction","target":["https:\/\/paulinechovet.fr\/?page_id=2170"]}]},{"@type":"BreadcrumbList","@id":"https:\/\/paulinechovet.fr\/?page_id=2170#breadcrumb","itemListElement":[{"@type":"ListItem","position":1,"name":"Accueil","item":"https:\/\/paulinechovet.fr\/"},{"@type":"ListItem","position":2,"name":"Mon panier"}]},{"@type":"WebSite","@id":"https:\/\/paulinechovet.fr\/#website","url":"https:\/\/paulinechovet.fr\/","name":"Pauline Chovet Photographie","description":"Photographe d&#039;architecture, de suivi de chantier et d&#039;urbanisme.","publisher":{"@id":"https:\/\/paulinechovet.fr\/#\/schema\/person\/6a162bdd34747faeff134a4df4779769"},"potentialAction":[{"@type":"SearchAction","target":{"@type":"EntryPoint","urlTemplate":"https:\/\/paulinechovet.fr\/?s={search_term_string}"},"query-input":{"@type":"PropertyValueSpecification","valueRequired":true,"valueName":"search_term_string"}}],"inLanguage":"fr-FR"},{"@type":["Person","Organization"],"@id":"https:\/\/paulinechovet.fr\/#\/schema\/person\/6a162bdd34747faeff134a4df4779769","name":"Pauline Chovet","image":{"@type":"ImageObject","inLanguage":"fr-FR","@id":"https:\/\/paulinechovet.fr\/wp-content\/uploads\/2026\/03\/LOGO-PARFAITbis.jpg","url":"https:\/\/paulinechovet.fr\/wp-content\/uploads\/2026\/03\/LOGO-PARFAITbis.jpg","contentUrl":"https:\/\/paulinechovet.fr\/wp-content\/uploads\/2026\/03\/LOGO-PARFAITbis.jpg","width":2111,"height":2111,"caption":"Pauline Chovet"},"logo":{"@id":"https:\/\/paulinechovet.fr\/wp-content\/uploads\/2026\/03\/LOGO-PARFAITbis.jpg"},"sameAs":["http:\/\/www.paulinechovet.fr"]}]}},"jetpack_sharing_enabled":true,"_links":{"self":[{"href":"https:\/\/paulinechovet.fr\/index.php?rest_route=\/wp\/v2\/pages\/2170","targetHints":{"allow":["GET"]}}],"collection":[{"href":"https:\/\/paulinechovet.fr\/index.php?rest_route=\/wp\/v2\/pages"}],"about":[{"href":"https:\/\/paulinechovet.fr\/index.php?rest_route=\/wp\/v2\/types\/page"}],"author":[{"embeddable":true,"href":"https:\/\/paulinechovet.fr\/index.php?rest_route=\/wp\/v2\/users\/1"}],"replies":[{"embeddable":true,"href":"https:\/\/paulinechovet.fr\/index.php?rest_route=%2Fwp%2Fv2%2Fcomments&post=2170"}],"version-history":[{"count":2,"href":"https:\/\/paulinechovet.fr\/index.php?rest_route=\/wp\/v2\/pages\/2170\/revisions"}],"predecessor-version":[{"id":2311,"href":"https:\/\/paulinechovet.fr\/index.php?rest_route=\/wp\/v2\/pages\/2170\/revisions\/2311"}],"wp:attachment":[{"href":"https:\/\/paulinechovet.fr\/index.php?rest_route=%2Fwp%2Fv2%2Fmedia&parent=2170"}],"curies":[{"name":"wp","href":"https:\/\/api.w.org\/{rel}","templated":true}]}}