{"id":111,"date":"2017-05-26T18:42:53","date_gmt":"2017-05-26T16:42:53","guid":{"rendered":"http:\/\/paulinechovet.fr\/?page_id=111"},"modified":"2023-03-20T16:28:30","modified_gmt":"2023-03-20T15:28:30","slug":"contact","status":"publish","type":"page","link":"https:\/\/paulinechovet.fr\/?page_id=111","title":{"rendered":"Contact"},"content":{"rendered":"<h6 style=\"text-align: left;\"><img loading=\"lazy\" decoding=\"async\" class=\"wp-image-299 alignleft\" style=\"text-align: right;\" src=\"http:\/\/paulinechovet.fr\/wp-content\/uploads\/2017\/05\/logo-fond-transparent-269x300.jpg\" alt=\"\" width=\"117\" height=\"130\" srcset=\"https:\/\/paulinechovet.fr\/wp-content\/uploads\/2017\/05\/logo-fond-transparent-269x300.jpg 269w, https:\/\/paulinechovet.fr\/wp-content\/uploads\/2017\/05\/logo-fond-transparent.jpg 661w\" sizes=\"auto, (max-width: 117px) 100vw, 117px\" \/><\/h6>\n<p style=\"text-align: left;\">Pauline CHOVET<\/p>\n<p style=\"text-align: left;\"><strong>photo@paulinechovet.fr<\/strong><\/p>\n<p style=\"text-align: left;\">06.78.14.38.58<\/p>\n<p style=\"text-align: left;\">Rue Andr\u00e9 Bollier, Lyon 7\u00e8me<\/p>\n<p style=\"text-align: left;\">Siret : 832 179 147 00018<\/p>\n<p>Horaires d&rsquo;ouverture : Du lundi au vendredi de 8h30 \u00e0 18h (sauf jours f\u00e9ri\u00e9s)<\/p>\n<h6 style=\"text-align: left;\"><\/h6>\n","protected":false},"excerpt":{"rendered":"<p>Pauline CHOVET photo@paulinechovet.fr 06.78.14.38.58 Rue Andr\u00e9 Bollier, Lyon 7\u00e8me Siret : 832 179 147 00018 Horaires d&rsquo;ouverture : Du lundi au vendredi de 8h30 \u00e0 18h (sauf jours f\u00e9ri\u00e9s)<\/p>\n","protected":false},"author":1,"featured_media":0,"parent":0,"menu_order":0,"comment_status":"closed","ping_status":"closed","template":"page-contact.php","meta":{"kt_blocks_editor_width":"","footnotes":""},"class_list":["post-111","page","type-page","status-publish","hentry"],"yoast_head":"<!-- This site is optimized with the Yoast SEO plugin v27.5 - https:\/\/yoast.com\/product\/yoast-seo-wordpress\/ -->\n<title>Contact - Photographe architecture \u00e0 Lyon<\/title>\n<meta name=\"robots\" content=\"index, follow, max-snippet:-1, max-image-preview:large, max-video-preview:-1\" \/>\n<link rel=\"canonical\" href=\"https:\/\/paulinechovet.fr\/?page_id=111\" \/>\n<meta property=\"og:locale\" content=\"fr_FR\" \/>\n<meta property=\"og:type\" content=\"article\" \/>\n<meta property=\"og:title\" content=\"Contact - Photographe architecture \u00e0 Lyon\" \/>\n<meta property=\"og:description\" content=\"Pauline CHOVET photo@paulinechovet.fr 06.78.14.38.58 Rue Andr\u00e9 Bollier, Lyon 7\u00e8me Siret : 832 179 147 00018 Horaires d&rsquo;ouverture : Du lundi au vendredi de 8h30 \u00e0 18h (sauf jours f\u00e9ri\u00e9s)\" \/>\n<meta property=\"og:url\" content=\"https:\/\/paulinechovet.fr\/?page_id=111\" \/>\n<meta property=\"og:site_name\" content=\"Photographe architecture \u00e0 Lyon\" \/>\n<meta property=\"article:modified_time\" content=\"2023-03-20T15:28:30+00:00\" \/>\n<meta property=\"og:image\" content=\"http:\/\/paulinechovet.fr\/wp-content\/uploads\/2017\/05\/logo-fond-transparent-269x300.jpg\" \/>\n<meta name=\"twitter:card\" content=\"summary_large_image\" \/>\n<meta name=\"twitter:label1\" content=\"Dur\u00e9e de lecture estim\u00e9e\" \/>\n\t<meta name=\"twitter:data1\" content=\"1 minute\" \/>\n<script type=\"application\/ld+json\" class=\"yoast-schema-graph\">{\"@context\":\"https:\\\/\\\/schema.org\",\"@graph\":[{\"@type\":\"WebPage\",\"@id\":\"https:\\\/\\\/paulinechovet.fr\\\/?page_id=111\",\"url\":\"https:\\\/\\\/paulinechovet.fr\\\/?page_id=111\",\"name\":\"Contact - Photographe architecture \u00e0 Lyon\",\"isPartOf\":{\"@id\":\"https:\\\/\\\/paulinechovet.fr\\\/#website\"},\"primaryImageOfPage\":{\"@id\":\"https:\\\/\\\/paulinechovet.fr\\\/?page_id=111#primaryimage\"},\"image\":{\"@id\":\"https:\\\/\\\/paulinechovet.fr\\\/?page_id=111#primaryimage\"},\"thumbnailUrl\":\"http:\\\/\\\/paulinechovet.fr\\\/wp-content\\\/uploads\\\/2017\\\/05\\\/logo-fond-transparent-269x300.jpg\",\"datePublished\":\"2017-05-26T16:42:53+00:00\",\"dateModified\":\"2023-03-20T15:28:30+00:00\",\"breadcrumb\":{\"@id\":\"https:\\\/\\\/paulinechovet.fr\\\/?page_id=111#breadcrumb\"},\"inLanguage\":\"fr-FR\",\"potentialAction\":[{\"@type\":\"ReadAction\",\"target\":[\"https:\\\/\\\/paulinechovet.fr\\\/?page_id=111\"]}]},{\"@type\":\"ImageObject\",\"inLanguage\":\"fr-FR\",\"@id\":\"https:\\\/\\\/paulinechovet.fr\\\/?page_id=111#primaryimage\",\"url\":\"http:\\\/\\\/paulinechovet.fr\\\/wp-content\\\/uploads\\\/2017\\\/05\\\/logo-fond-transparent-269x300.jpg\",\"contentUrl\":\"http:\\\/\\\/paulinechovet.fr\\\/wp-content\\\/uploads\\\/2017\\\/05\\\/logo-fond-transparent-269x300.jpg\"},{\"@type\":\"BreadcrumbList\",\"@id\":\"https:\\\/\\\/paulinechovet.fr\\\/?page_id=111#breadcrumb\",\"itemListElement\":[{\"@type\":\"ListItem\",\"position\":1,\"name\":\"Accueil\",\"item\":\"https:\\\/\\\/paulinechovet.fr\\\/\"},{\"@type\":\"ListItem\",\"position\":2,\"name\":\"Contact\"}]},{\"@type\":\"WebSite\",\"@id\":\"https:\\\/\\\/paulinechovet.fr\\\/#website\",\"url\":\"https:\\\/\\\/paulinechovet.fr\\\/\",\"name\":\"Pauline Chovet Photographie\",\"description\":\"Photographe d&#039;architecture, de suivi de chantier et d&#039;urbanisme.\",\"publisher\":{\"@id\":\"https:\\\/\\\/paulinechovet.fr\\\/#\\\/schema\\\/person\\\/6a162bdd34747faeff134a4df4779769\"},\"potentialAction\":[{\"@type\":\"SearchAction\",\"target\":{\"@type\":\"EntryPoint\",\"urlTemplate\":\"https:\\\/\\\/paulinechovet.fr\\\/?s={search_term_string}\"},\"query-input\":{\"@type\":\"PropertyValueSpecification\",\"valueRequired\":true,\"valueName\":\"search_term_string\"}}],\"inLanguage\":\"fr-FR\"},{\"@type\":[\"Person\",\"Organization\"],\"@id\":\"https:\\\/\\\/paulinechovet.fr\\\/#\\\/schema\\\/person\\\/6a162bdd34747faeff134a4df4779769\",\"name\":\"Pauline Chovet\",\"image\":{\"@type\":\"ImageObject\",\"inLanguage\":\"fr-FR\",\"@id\":\"https:\\\/\\\/paulinechovet.fr\\\/wp-content\\\/uploads\\\/2026\\\/03\\\/LOGO-PARFAITbis.jpg\",\"url\":\"https:\\\/\\\/paulinechovet.fr\\\/wp-content\\\/uploads\\\/2026\\\/03\\\/LOGO-PARFAITbis.jpg\",\"contentUrl\":\"https:\\\/\\\/paulinechovet.fr\\\/wp-content\\\/uploads\\\/2026\\\/03\\\/LOGO-PARFAITbis.jpg\",\"width\":2111,\"height\":2111,\"caption\":\"Pauline Chovet\"},\"logo\":{\"@id\":\"https:\\\/\\\/paulinechovet.fr\\\/wp-content\\\/uploads\\\/2026\\\/03\\\/LOGO-PARFAITbis.jpg\"},\"sameAs\":[\"http:\\\/\\\/www.paulinechovet.fr\"]}]}<\/script>\n<!-- \/ Yoast SEO plugin. -->","yoast_head_json":{"title":"Contact - Photographe architecture \u00e0 Lyon","robots":{"index":"index","follow":"follow","max-snippet":"max-snippet:-1","max-image-preview":"max-image-preview:large","max-video-preview":"max-video-preview:-1"},"canonical":"https:\/\/paulinechovet.fr\/?page_id=111","og_locale":"fr_FR","og_type":"article","og_title":"Contact - Photographe architecture \u00e0 Lyon","og_description":"Pauline CHOVET photo@paulinechovet.fr 06.78.14.38.58 Rue Andr\u00e9 Bollier, Lyon 7\u00e8me Siret : 832 179 147 00018 Horaires d&rsquo;ouverture : Du lundi au vendredi de 8h30 \u00e0 18h (sauf jours f\u00e9ri\u00e9s)","og_url":"https:\/\/paulinechovet.fr\/?page_id=111","og_site_name":"Photographe architecture \u00e0 Lyon","article_modified_time":"2023-03-20T15:28:30+00:00","og_image":[{"url":"http:\/\/paulinechovet.fr\/wp-content\/uploads\/2017\/05\/logo-fond-transparent-269x300.jpg","type":"","width":"","height":""}],"twitter_card":"summary_large_image","twitter_misc":{"Dur\u00e9e de lecture estim\u00e9e":"1 minute"},"schema":{"@context":"https:\/\/schema.org","@graph":[{"@type":"WebPage","@id":"https:\/\/paulinechovet.fr\/?page_id=111","url":"https:\/\/paulinechovet.fr\/?page_id=111","name":"Contact - Photographe architecture \u00e0 Lyon","isPartOf":{"@id":"https:\/\/paulinechovet.fr\/#website"},"primaryImageOfPage":{"@id":"https:\/\/paulinechovet.fr\/?page_id=111#primaryimage"},"image":{"@id":"https:\/\/paulinechovet.fr\/?page_id=111#primaryimage"},"thumbnailUrl":"http:\/\/paulinechovet.fr\/wp-content\/uploads\/2017\/05\/logo-fond-transparent-269x300.jpg","datePublished":"2017-05-26T16:42:53+00:00","dateModified":"2023-03-20T15:28:30+00:00","breadcrumb":{"@id":"https:\/\/paulinechovet.fr\/?page_id=111#breadcrumb"},"inLanguage":"fr-FR","potentialAction":[{"@type":"ReadAction","target":["https:\/\/paulinechovet.fr\/?page_id=111"]}]},{"@type":"ImageObject","inLanguage":"fr-FR","@id":"https:\/\/paulinechovet.fr\/?page_id=111#primaryimage","url":"http:\/\/paulinechovet.fr\/wp-content\/uploads\/2017\/05\/logo-fond-transparent-269x300.jpg","contentUrl":"http:\/\/paulinechovet.fr\/wp-content\/uploads\/2017\/05\/logo-fond-transparent-269x300.jpg"},{"@type":"BreadcrumbList","@id":"https:\/\/paulinechovet.fr\/?page_id=111#breadcrumb","itemListElement":[{"@type":"ListItem","position":1,"name":"Accueil","item":"https:\/\/paulinechovet.fr\/"},{"@type":"ListItem","position":2,"name":"Contact"}]},{"@type":"WebSite","@id":"https:\/\/paulinechovet.fr\/#website","url":"https:\/\/paulinechovet.fr\/","name":"Pauline Chovet Photographie","description":"Photographe d&#039;architecture, de suivi de chantier et d&#039;urbanisme.","publisher":{"@id":"https:\/\/paulinechovet.fr\/#\/schema\/person\/6a162bdd34747faeff134a4df4779769"},"potentialAction":[{"@type":"SearchAction","target":{"@type":"EntryPoint","urlTemplate":"https:\/\/paulinechovet.fr\/?s={search_term_string}"},"query-input":{"@type":"PropertyValueSpecification","valueRequired":true,"valueName":"search_term_string"}}],"inLanguage":"fr-FR"},{"@type":["Person","Organization"],"@id":"https:\/\/paulinechovet.fr\/#\/schema\/person\/6a162bdd34747faeff134a4df4779769","name":"Pauline Chovet","image":{"@type":"ImageObject","inLanguage":"fr-FR","@id":"https:\/\/paulinechovet.fr\/wp-content\/uploads\/2026\/03\/LOGO-PARFAITbis.jpg","url":"https:\/\/paulinechovet.fr\/wp-content\/uploads\/2026\/03\/LOGO-PARFAITbis.jpg","contentUrl":"https:\/\/paulinechovet.fr\/wp-content\/uploads\/2026\/03\/LOGO-PARFAITbis.jpg","width":2111,"height":2111,"caption":"Pauline Chovet"},"logo":{"@id":"https:\/\/paulinechovet.fr\/wp-content\/uploads\/2026\/03\/LOGO-PARFAITbis.jpg"},"sameAs":["http:\/\/www.paulinechovet.fr"]}]}},"jetpack_sharing_enabled":true,"_links":{"self":[{"href":"https:\/\/paulinechovet.fr\/index.php?rest_route=\/wp\/v2\/pages\/111","targetHints":{"allow":["GET"]}}],"collection":[{"href":"https:\/\/paulinechovet.fr\/index.php?rest_route=\/wp\/v2\/pages"}],"about":[{"href":"https:\/\/paulinechovet.fr\/index.php?rest_route=\/wp\/v2\/types\/page"}],"author":[{"embeddable":true,"href":"https:\/\/paulinechovet.fr\/index.php?rest_route=\/wp\/v2\/users\/1"}],"replies":[{"embeddable":true,"href":"https:\/\/paulinechovet.fr\/index.php?rest_route=%2Fwp%2Fv2%2Fcomments&post=111"}],"version-history":[{"count":33,"href":"https:\/\/paulinechovet.fr\/index.php?rest_route=\/wp\/v2\/pages\/111\/revisions"}],"predecessor-version":[{"id":2942,"href":"https:\/\/paulinechovet.fr\/index.php?rest_route=\/wp\/v2\/pages\/111\/revisions\/2942"}],"wp:attachment":[{"href":"https:\/\/paulinechovet.fr\/index.php?rest_route=%2Fwp%2Fv2%2Fmedia&parent=111"}],"curies":[{"name":"wp","href":"https:\/\/api.w.org\/{rel}","templated":true}]}}